{"id":108324,"date":"2023-01-25T13:43:45","date_gmt":"2023-01-25T13:43:45","guid":{"rendered":"https:\/\/deltaopticalthinfilm.com\/?page_id=108324"},"modified":"2024-10-31T10:38:19","modified_gmt":"2024-10-31T10:38:19","slug":"optische-notchfilter","status":"publish","type":"page","link":"https:\/\/deltaopticalthinfilm.com\/de\/produkte\/homogene-filter\/optische-notchfilter\/","title":{"rendered":"Optische Notchfilter"},"content":{"rendered":"<div class=\"wpb-content-wrapper\"><p>[vc_row row_height_percent=&#8220;50&#8243; override_padding=&#8220;yes&#8220; h_padding=&#8220;2&#8243; top_padding=&#8220;3&#8243; bottom_padding=&#8220;3&#8243; back_image=&#8220;105865&#8243; back_position=&#8220;center center&#8220; kburns=&#8220;yes&#8220; overlay_alpha=&#8220;50&#8243; gutter_size=&#8220;3&#8243; column_width_percent=&#8220;100&#8243; shift_y=&#8220;0&#8243; z_index=&#8220;0&#8243; uncode_shortcode_id=&#8220;206167&#8243;][vc_column column_width_percent=&#8220;100&#8243; position_vertical=&#8220;bottom&#8220; gutter_size=&#8220;0&#8243; overlay_alpha=&#8220;50&#8243; shift_x=&#8220;0&#8243; shift_y=&#8220;0&#8243; shift_y_down=&#8220;0&#8243; z_index=&#8220;0&#8243; medium_width=&#8220;0&#8243; mobile_width=&#8220;0&#8243; width=&#8220;1\/1&#8243; uncode_shortcode_id=&#8220;151012&#8243;][vc_row_inner limit_content=&#8220;&#8220;][vc_column_inner width=&#8220;7\/12&#8243;][\/vc_column_inner][vc_column_inner column_width_percent=&#8220;100&#8243; gutter_size=&#8220;2&#8243; overlay_color=&#8220;color-134985&#8243; overlay_alpha=&#8220;95&#8243; shift_x=&#8220;0&#8243; shift_y=&#8220;0&#8243; shift_y_down=&#8220;-3&#8243; z_index=&#8220;0&#8243; medium_width=&#8220;0&#8243; mobile_width=&#8220;0&#8243; width=&#8220;5\/12&#8243; uncode_shortcode_id=&#8220;576498&#8243; overlay_color_type=&#8220;uncode-palette&#8220; css=&#8220;.vc_custom_1647350831457{padding-top: 50px !important;padding-right: 50px !important;padding-bottom: 50px !important;padding-left: 50px !important;}&#8220;][vc_custom_heading text_color=&#8220;color-204078&#8243; heading_semantic=&#8220;h3&#8243; text_size=&#8220;fontsize-957316&#8243; text_weight=&#8220;700&#8243; text_height=&#8220;fontheight-137524&#8243; uncode_shortcode_id=&#8220;208860&#8243; text_color_type=&#8220;uncode-palette&#8220;]<span class=\"EOP SCXW261741305 BCX0\" data-ccp-props=\"{&quot;201341983&quot;:0,&quot;335559739&quot;:160,&quot;335559740&quot;:259}\">Lassen Sie sich von unseren bereits gefertigten Produkten inspirieren &#8211; oder lassen Sie uns Ihren individuellen Notchfilter entwerfen<\/span>[\/vc_custom_heading][\/vc_column_inner][\/vc_row_inner][\/vc_column][\/vc_row][vc_row row_height_percent=&#8220;0&#8243; override_padding=&#8220;yes&#8220; h_padding=&#8220;2&#8243; top_padding=&#8220;4&#8243; bottom_padding=&#8220;1&#8243; overlay_alpha=&#8220;50&#8243; gutter_size=&#8220;3&#8243; column_width_percent=&#8220;100&#8243; shift_y=&#8220;0&#8243; z_index=&#8220;0&#8243; uncode_shortcode_id=&#8220;159570&#8243;][vc_column column_width_use_pixel=&#8220;yes&#8220; position_horizontal=&#8220;left&#8220; gutter_size=&#8220;3&#8243; overlay_alpha=&#8220;50&#8243; shift_x=&#8220;0&#8243; shift_y=&#8220;0&#8243; shift_y_down=&#8220;0&#8243; z_index=&#8220;0&#8243; medium_width=&#8220;0&#8243; mobile_width=&#8220;0&#8243; width=&#8220;2\/3&#8243; uncode_shortcode_id=&#8220;105992&#8243;][vc_custom_heading text_color=&#8220;color-154399&#8243; heading_semantic=&#8220;h1&#8243; text_size=&#8220;h1&#8243; uncode_shortcode_id=&#8220;239663&#8243; text_color_type=&#8220;uncode-palette&#8220;]Optische Notchfilter[\/vc_custom_heading][vc_column_text uncode_shortcode_id=&#8220;128694&#8243;]Optische Notchfilter sind Komponenten, die Licht in einem typischerweise engen Wellenl\u00e4ngenbereich blockieren und Licht au\u00dferhalb dieses Bereichs durchlassen. Der Filter ist in Bezug auf die zentrale Wellenl\u00e4nge und die Bandbreite vollst\u00e4ndig anpassbar und erm\u00f6glicht Anwendungen in einem breiten Spektrum praktischer Technologien wie Raman-Spektroskopie, <a href=\"https:\/\/deltaopticalthinfilm.com\/de\/knowledge\/tech-notes-and-papers\/fluorescence-spectroscopy\/\" target=\"_blank\" rel=\"noopener\">Fluoreszenzspektroskopie<\/a>, Mikroskopie und vielen anderen Anwendungen. Delta Optical Thin Film ist ein Pionier und Innovator bei der Entwicklung und Herstellung von robusten optischen D\u00fcnnschichtkomponenten f\u00fcr eine breite Palette von Volumenanwendungen. Seit den fr\u00fchen 1970er Jahren entwickeln und fertigen wir optische Interferenz-Bandpassfilter. Bei den meisten unserer Produkte handelt es sich um kundenspezifische Filter, und die auf dieser Webseite gezeigten Beispiele dienen lediglich der Inspiration. Oft finden wir in einer kundenspezifischen L\u00f6sung Vorteile f\u00fcr unsere Kunden. Delta Optical Thin Film konzentriert sich haupts\u00e4chlich auf Filter im Bereich von 300 nm bis 1200 nm.<\/p>\n<p>[\/vc_column_text][\/vc_column][vc_column width=&#8220;1\/3&#8243;][\/vc_column][\/vc_row][vc_row row_height_percent=&#8220;0&#8243; override_padding=&#8220;yes&#8220; h_padding=&#8220;2&#8243; top_padding=&#8220;3&#8243; bottom_padding=&#8220;3&#8243; overlay_alpha=&#8220;50&#8243; gutter_size=&#8220;3&#8243; column_width_percent=&#8220;100&#8243; shift_y=&#8220;0&#8243; z_index=&#8220;0&#8243; uncode_shortcode_id=&#8220;178033&#8243;][vc_column column_width_use_pixel=&#8220;yes&#8220; position_horizontal=&#8220;left&#8220; gutter_size=&#8220;2&#8243; overlay_alpha=&#8220;50&#8243; shift_x=&#8220;0&#8243; shift_y=&#8220;0&#8243; shift_y_down=&#8220;0&#8243; z_index=&#8220;0&#8243; medium_width=&#8220;0&#8243; mobile_width=&#8220;0&#8243; width=&#8220;2\/3&#8243; uncode_shortcode_id=&#8220;627447&#8243;][vc_custom_heading uncode_shortcode_id=&#8220;184306&#8243;]W\u00e4hlen Sie aus einer Reihe vorhandener optischer Notchfilter[\/vc_custom_heading][vc_column_text uncode_shortcode_id=&#8220;795429&#8243;]Delta Optical Thin Film stellt optische Notchfilter her, die je nach den Anforderungen unserer Kunden entweder mit Hilfe der plasmagest\u00fctzten Verdampfungstechnologie oder der Magnetron-Sputter-Technologie hergestellt werden. Auf dieser Website finden Sie Beispiele von Notchfiltern, die wir bereits hergestellt haben. Alle Datenbl\u00e4tter zeigen aktuelle Messungen mit typischen Transmissionskurven f\u00fcr unpolarisiertes Licht und einem AOI=0\u00b0. Da wir oft Design und Herstellungsmethoden f\u00fcr die individuelle Anwendung optimieren k\u00f6nnen, nehmen Sie bitte Kontakt mit uns auf, um zu besprechen, wie wir Ihre Anwendung am besten unterst\u00fctzen k\u00f6nnen. Sollten Sie den von Ihnen ben\u00f6tigten optischen Notchfilter nicht unter unseren Standardprodukten finden, z\u00f6gern Sie bitte nicht,\u00a0<a href=\"https:\/\/deltaopticalthinfilm.com\/de\/kontakt\/\" target=\"_blank\" rel=\"noopener\">uns zu kontaktieren<\/a>, um Ihre Anforderungen zu besprechen. Bei der Spezifikation Ihres Filters hilft Ihnen unser <a href=\"https:\/\/deltaopticalthinfilm.com\/de\/knowledge\/specifying-optical-filters\/\" target=\"_blank\" rel=\"noopener\">technischer Hinweis zur Spezifikation optischer Filter<\/a>, die wichtigsten Kostentreiber bei der Filterkonstruktion zu vermeiden.[\/vc_column_text][vc_empty_space empty_h=&#8220;1&#8243;][vc_custom_heading text_color=&#8220;color-169308&#8243; heading_semantic=&#8220;h4&#8243; text_size=&#8220;h4&#8243; text_weight=&#8220;500&#8243; uncode_shortcode_id=&#8220;119883&#8243; text_color_type=&#8220;uncode-palette&#8220;]Produktspezifikationen[\/vc_custom_heading][\/vc_column][vc_column width=&#8220;1\/3&#8243;][\/vc_column][\/vc_row][vc_row row_height_percent=&#8220;0&#8243; override_padding=&#8220;yes&#8220; h_padding=&#8220;2&#8243; top_padding=&#8220;1&#8243; bottom_padding=&#8220;4&#8243; overlay_alpha=&#8220;50&#8243; gutter_size=&#8220;3&#8243; column_width_percent=&#8220;100&#8243; shift_y=&#8220;0&#8243; z_index=&#8220;0&#8243; uncode_shortcode_id=&#8220;225491&#8243;][vc_column column_width_percent=&#8220;100&#8243; position_horizontal=&#8220;left&#8220; gutter_size=&#8220;3&#8243; overlay_alpha=&#8220;50&#8243; shift_x=&#8220;0&#8243; shift_y=&#8220;0&#8243; shift_y_down=&#8220;0&#8243; z_index=&#8220;0&#8243; medium_width=&#8220;0&#8243; mobile_width=&#8220;0&#8243; width=&#8220;5\/6&#8243; uncode_shortcode_id=&#8220;699499&#8243;][vc_column_text uncode_shortcode_id=&#8220;701060&#8243;]<div id=\"footable_parent_106503\"\n         class=\" footable_parent ninja_table_wrapper loading_ninja_table wp_table_data_press_parent semantic_ui colored_table\">\n                <table data-ninja_table_instance=\"ninja_table_instance_0\" data-footable_id=\"106503\" data-filter-delay=\"1000\" aria-label=\"Homogeneous Notch filters\"            id=\"footable_106503\"\n           data-unique_identifier=\"ninja_table_unique_id_2288050251_106503\"\n           class=\" foo-table ninja_footable foo_table_106503 ninja_table_unique_id_2288050251_106503 ui table  ninja_search_right nt_type_legacy_table selectable celled compact ninja_custom_color inverted footable-paging-right ninja_table_search_disabled ninja_table_pro\">\n                <colgroup>\n                            <col class=\"ninja_column_0 \">\n                            <col class=\"ninja_column_1 \">\n                            <col class=\"ninja_column_2 \">\n                            <col class=\"ninja_column_3 \">\n                            <col class=\"ninja_column_4 \">\n                            <col class=\"ninja_column_5 \">\n                    <\/colgroup>\n        <thead>\n<tr class=\"footable-header\">\n                                                                                                        <th scope=\"col\"  class=\"ninja_column_0 ninja_clmn_nm_centernm \">Center wavelength (nm)<\/th><th scope=\"col\"  class=\"ninja_column_1 ninja_clmn_nm_fwhmnm \">Blocking range (nm)<\/th><th scope=\"col\"  class=\"ninja_column_2 ninja_clmn_nm_tpeak \">Peak blocking<\/th><th scope=\"col\"  class=\"ninja_column_3 ninja_clmn_nm_productnumber \">Product number<\/th><th scope=\"col\"  class=\"ninja_column_4 ninja_clmn_nm_maxsize \">Max size <\/th><th scope=\"col\"  class=\"ninja_column_5 ninja_clmn_nm_datasheet \">Data sheet<\/th><\/tr>\n<\/thead>\n<tbody>\n\n        <tr data-row_id=\"2557\" class=\"ninja_table_row_0 nt_row_id_2557\">\n            <td>642<\/td><td>20<\/td><td>OD6<\/td><td>LF104708<\/td><td>40 mm x 40 mm x 2 mm<\/td><td data-json_values={\"permalink\":\"https:\\\/\\\/deltaopticalthinfilm.com\\\/wp-content\\\/uploads\\\/2023\\\/01\\\/Datasheet-LP530-N642-LF104708.pdf\",\"image_thumb\":\"https:\\\/\\\/deltaopticalthinfilm.com\\\/wp-content\\\/uploads\\\/2022\\\/06\\\/Download_15px.png\",\"image_full\":\"https:\\\/\\\/deltaopticalthinfilm.com\\\/wp-content\\\/uploads\\\/2022\\\/06\\\/Download_15px.png\",\"alt_text\":\"Download_15px\"}><a target=\"_blank\" href=\"https:\/\/deltaopticalthinfilm.com\/wp-content\/uploads\/2023\/01\/Datasheet-LP530-N642-LF104708.pdf\"><img decoding=\"async\" alt=\"Download_15px\" class=\"nt_image_type_thumb\" src=\"https:\/\/deltaopticalthinfilm.com\/wp-content\/uploads\/2022\/06\/Download_15px.png\"\/><\/a><\/td>        <\/tr>\n    <\/tbody><!--ninja_tobody_rendering_done-->\n    <\/table>\n    \n    \n    \n<\/div>\n[\/vc_column_text][\/vc_column][vc_column width=&#8220;1\/6&#8243;][\/vc_column][\/vc_row][vc_row row_height_percent=&#8220;0&#8243; override_padding=&#8220;yes&#8220; h_padding=&#8220;2&#8243; top_padding=&#8220;3&#8243; bottom_padding=&#8220;3&#8243; back_color=&#8220;color-434072&#8243; overlay_alpha=&#8220;50&#8243; gutter_size=&#8220;3&#8243; column_width_percent=&#8220;100&#8243; shift_y=&#8220;0&#8243; z_index=&#8220;0&#8243; uncode_shortcode_id=&#8220;182017&#8243; back_color_type=&#8220;uncode-palette&#8220;][vc_column column_width_use_pixel=&#8220;yes&#8220; position_horizontal=&#8220;left&#8220; gutter_size=&#8220;2&#8243; overlay_alpha=&#8220;50&#8243; shift_x=&#8220;0&#8243; shift_y=&#8220;0&#8243; shift_y_down=&#8220;0&#8243; z_index=&#8220;0&#8243; medium_width=&#8220;0&#8243; mobile_width=&#8220;0&#8243; width=&#8220;2\/3&#8243; uncode_shortcode_id=&#8220;183898&#8243;][vc_custom_heading text_color=&#8220;color-169308&#8243; uncode_shortcode_id=&#8220;632495&#8243; text_color_type=&#8220;uncode-palette&#8220;]Anwendungen von optischen Notchfiltern[\/vc_custom_heading][vc_column_text uncode_shortcode_id=&#8220;349450&#8243;]Optische Notchfilter werden in der Regel verwendet, um starke Emissionsspitzen eines Lasers oder einer Leuchtstofflampe zu blockieren. Ein Beispiel f\u00fcr eine Technologie, bei der Kerbfilter verwendet werden, ist die Raman-Spektroskopie, bei der die Laserintensit\u00e4t um Gr\u00f6\u00dfenordnungen gr\u00f6\u00dfer ist als die schwache Raman-Streuung. Aus diesem Grund wird h\u00e4ufig ein Notchfilter hinter der Probe eingesetzt, um die Laserwellenl\u00e4nge zu blockieren und so zu verhindern, dass die gew\u00fcnschte Raman-Streuung im Laserlicht untergeht.<\/p>\n<p>[\/vc_column_text][vc_empty_space empty_h=&#8220;1&#8243;][\/vc_column][vc_column width=&#8220;1\/3&#8243;][\/vc_column][\/vc_row][vc_row unlock_row_content=&#8220;yes&#8220; row_height_percent=&#8220;0&#8243; overlay_alpha=&#8220;50&#8243; gutter_size=&#8220;3&#8243; column_width_percent=&#8220;100&#8243; shift_y=&#8220;0&#8243; z_index=&#8220;0&#8243; uncode_shortcode_id=&#8220;140111&#8243;][vc_column width=&#8220;1\/1&#8243;][uncode_block id=&#8220;364&#8243;][\/vc_column][\/vc_row]<\/p>\n<\/div>","protected":false},"excerpt":{"rendered":"<p>[vc_row row_height_percent=&#8220;50&#8243; override_padding=&#8220;yes&#8220; h_padding=&#8220;2&#8243; top_padding=&#8220;3&#8243; bottom_padding=&#8220;3&#8243; back_image=&#8220;105865&#8243; back_position=&#8220;center center&#8220; kburns=&#8220;yes&#8220; overlay_alpha=&#8220;50&#8243; gutter_size=&#8220;3&#8243; column_width_percent=&#8220;100&#8243; shift_y=&#8220;0&#8243; z_index=&#8220;0&#8243; uncode_shortcode_id=&#8220;206167&#8243;][vc_column column_width_percent=&#8220;100&#8243; position_vertical=&#8220;bottom&#8220; gutter_size=&#8220;0&#8243; overlay_alpha=&#8220;50&#8243; [&hellip;]<\/p>\n","protected":false},"author":6,"featured_media":0,"parent":108292,"menu_order":0,"comment_status":"closed","ping_status":"closed","template":"","meta":{"_acf_changed":false,"footnotes":""},"class_list":["post-108324","page","type-page","status-publish","hentry"],"acf":[],"yoast_head":"<!-- This site is optimized with the Yoast SEO plugin v27.5 - https:\/\/yoast.com\/product\/yoast-seo-wordpress\/ -->\n<title>Optische Notchfilter - Delta Optical Thin Film<\/title>\n<meta name=\"robots\" content=\"index, follow, max-snippet:-1, max-image-preview:large, max-video-preview:-1\" \/>\n<link rel=\"canonical\" href=\"https:\/\/deltaopticalthinfilm.com\/de\/produkte\/homogene-filter\/optische-notchfilter\/\" \/>\n<meta property=\"og:locale\" content=\"de_DE\" \/>\n<meta property=\"og:type\" content=\"article\" \/>\n<meta property=\"og:title\" content=\"Optische Notchfilter - Delta Optical Thin Film\" \/>\n<meta property=\"og:description\" content=\"[vc_row row_height_percent=&#8220;50&#8243; override_padding=&#8220;yes&#8220; h_padding=&#8220;2&#8243; top_padding=&#8220;3&#8243; bottom_padding=&#8220;3&#8243; back_image=&#8220;105865&#8243; back_position=&#8220;center center&#8220; kburns=&#8220;yes&#8220; overlay_alpha=&#8220;50&#8243; gutter_size=&#8220;3&#8243; column_width_percent=&#8220;100&#8243; shift_y=&#8220;0&#8243; z_index=&#8220;0&#8243; uncode_shortcode_id=&#8220;206167&#8243;][vc_column column_width_percent=&#8220;100&#8243; position_vertical=&#8220;bottom&#8220; gutter_size=&#8220;0&#8243; overlay_alpha=&#8220;50&#8243; [&hellip;]\" \/>\n<meta property=\"og:url\" content=\"https:\/\/deltaopticalthinfilm.com\/de\/produkte\/homogene-filter\/optische-notchfilter\/\" \/>\n<meta property=\"og:site_name\" content=\"Delta Optical Thin Film\" \/>\n<meta property=\"article:modified_time\" content=\"2024-10-31T10:38:19+00:00\" \/>\n<meta name=\"twitter:card\" content=\"summary_large_image\" \/>\n<meta name=\"twitter:label1\" content=\"Gesch\u00e4tzte Lesezeit\" \/>\n\t<meta name=\"twitter:data1\" content=\"3\u00a0Minuten\" \/>\n<script type=\"application\/ld+json\" class=\"yoast-schema-graph\">{\"@context\":\"https:\\\/\\\/schema.org\",\"@graph\":[{\"@type\":\"WebPage\",\"@id\":\"https:\\\/\\\/deltaopticalthinfilm.com\\\/de\\\/produkte\\\/homogene-filter\\\/optische-notchfilter\\\/\",\"url\":\"https:\\\/\\\/deltaopticalthinfilm.com\\\/de\\\/produkte\\\/homogene-filter\\\/optische-notchfilter\\\/\",\"name\":\"Optische Notchfilter - Delta Optical Thin Film\",\"isPartOf\":{\"@id\":\"https:\\\/\\\/deltaopticalthinfilm.com\\\/de\\\/#website\"},\"datePublished\":\"2023-01-25T13:43:45+00:00\",\"dateModified\":\"2024-10-31T10:38:19+00:00\",\"breadcrumb\":{\"@id\":\"https:\\\/\\\/deltaopticalthinfilm.com\\\/de\\\/produkte\\\/homogene-filter\\\/optische-notchfilter\\\/#breadcrumb\"},\"inLanguage\":\"de\",\"potentialAction\":[{\"@type\":\"ReadAction\",\"target\":[\"https:\\\/\\\/deltaopticalthinfilm.com\\\/de\\\/produkte\\\/homogene-filter\\\/optische-notchfilter\\\/\"]}]},{\"@type\":\"BreadcrumbList\",\"@id\":\"https:\\\/\\\/deltaopticalthinfilm.com\\\/de\\\/produkte\\\/homogene-filter\\\/optische-notchfilter\\\/#breadcrumb\",\"itemListElement\":[{\"@type\":\"ListItem\",\"position\":1,\"name\":\"Hjem\",\"item\":\"https:\\\/\\\/deltaopticalthinfilm.com\\\/de\\\/home-new\\\/\"},{\"@type\":\"ListItem\",\"position\":2,\"name\":\"Produkte\",\"item\":\"https:\\\/\\\/deltaopticalthinfilm.com\\\/de\\\/produkte\\\/\"},{\"@type\":\"ListItem\",\"position\":3,\"name\":\"Homogene Filter\",\"item\":\"https:\\\/\\\/deltaopticalthinfilm.com\\\/de\\\/produkte\\\/homogene-filter\\\/\"},{\"@type\":\"ListItem\",\"position\":4,\"name\":\"Optische Notchfilter\"}]},{\"@type\":\"WebSite\",\"@id\":\"https:\\\/\\\/deltaopticalthinfilm.com\\\/de\\\/#website\",\"url\":\"https:\\\/\\\/deltaopticalthinfilm.com\\\/de\\\/\",\"name\":\"Delta Optical Thin Film\",\"description\":\"We are the Optical Filter company\",\"potentialAction\":[{\"@type\":\"SearchAction\",\"target\":{\"@type\":\"EntryPoint\",\"urlTemplate\":\"https:\\\/\\\/deltaopticalthinfilm.com\\\/de\\\/?s={search_term_string}\"},\"query-input\":{\"@type\":\"PropertyValueSpecification\",\"valueRequired\":true,\"valueName\":\"search_term_string\"}}],\"inLanguage\":\"de\"}]}<\/script>\n<!-- \/ Yoast SEO plugin. -->","yoast_head_json":{"title":"Optische Notchfilter - Delta Optical Thin Film","robots":{"index":"index","follow":"follow","max-snippet":"max-snippet:-1","max-image-preview":"max-image-preview:large","max-video-preview":"max-video-preview:-1"},"canonical":"https:\/\/deltaopticalthinfilm.com\/de\/produkte\/homogene-filter\/optische-notchfilter\/","og_locale":"de_DE","og_type":"article","og_title":"Optische Notchfilter - Delta Optical Thin Film","og_description":"[vc_row row_height_percent=&#8220;50&#8243; override_padding=&#8220;yes&#8220; h_padding=&#8220;2&#8243; top_padding=&#8220;3&#8243; bottom_padding=&#8220;3&#8243; back_image=&#8220;105865&#8243; back_position=&#8220;center center&#8220; kburns=&#8220;yes&#8220; overlay_alpha=&#8220;50&#8243; gutter_size=&#8220;3&#8243; column_width_percent=&#8220;100&#8243; shift_y=&#8220;0&#8243; z_index=&#8220;0&#8243; uncode_shortcode_id=&#8220;206167&#8243;][vc_column column_width_percent=&#8220;100&#8243; position_vertical=&#8220;bottom&#8220; gutter_size=&#8220;0&#8243; overlay_alpha=&#8220;50&#8243; [&hellip;]","og_url":"https:\/\/deltaopticalthinfilm.com\/de\/produkte\/homogene-filter\/optische-notchfilter\/","og_site_name":"Delta Optical Thin Film","article_modified_time":"2024-10-31T10:38:19+00:00","twitter_card":"summary_large_image","twitter_misc":{"Gesch\u00e4tzte Lesezeit":"3\u00a0Minuten"},"schema":{"@context":"https:\/\/schema.org","@graph":[{"@type":"WebPage","@id":"https:\/\/deltaopticalthinfilm.com\/de\/produkte\/homogene-filter\/optische-notchfilter\/","url":"https:\/\/deltaopticalthinfilm.com\/de\/produkte\/homogene-filter\/optische-notchfilter\/","name":"Optische Notchfilter - Delta Optical Thin Film","isPartOf":{"@id":"https:\/\/deltaopticalthinfilm.com\/de\/#website"},"datePublished":"2023-01-25T13:43:45+00:00","dateModified":"2024-10-31T10:38:19+00:00","breadcrumb":{"@id":"https:\/\/deltaopticalthinfilm.com\/de\/produkte\/homogene-filter\/optische-notchfilter\/#breadcrumb"},"inLanguage":"de","potentialAction":[{"@type":"ReadAction","target":["https:\/\/deltaopticalthinfilm.com\/de\/produkte\/homogene-filter\/optische-notchfilter\/"]}]},{"@type":"BreadcrumbList","@id":"https:\/\/deltaopticalthinfilm.com\/de\/produkte\/homogene-filter\/optische-notchfilter\/#breadcrumb","itemListElement":[{"@type":"ListItem","position":1,"name":"Hjem","item":"https:\/\/deltaopticalthinfilm.com\/de\/home-new\/"},{"@type":"ListItem","position":2,"name":"Produkte","item":"https:\/\/deltaopticalthinfilm.com\/de\/produkte\/"},{"@type":"ListItem","position":3,"name":"Homogene Filter","item":"https:\/\/deltaopticalthinfilm.com\/de\/produkte\/homogene-filter\/"},{"@type":"ListItem","position":4,"name":"Optische Notchfilter"}]},{"@type":"WebSite","@id":"https:\/\/deltaopticalthinfilm.com\/de\/#website","url":"https:\/\/deltaopticalthinfilm.com\/de\/","name":"Delta Optical Thin Film","description":"We are the Optical Filter company","potentialAction":[{"@type":"SearchAction","target":{"@type":"EntryPoint","urlTemplate":"https:\/\/deltaopticalthinfilm.com\/de\/?s={search_term_string}"},"query-input":{"@type":"PropertyValueSpecification","valueRequired":true,"valueName":"search_term_string"}}],"inLanguage":"de"}]}},"_links":{"self":[{"href":"https:\/\/deltaopticalthinfilm.com\/de\/wp-json\/wp\/v2\/pages\/108324","targetHints":{"allow":["GET"]}}],"collection":[{"href":"https:\/\/deltaopticalthinfilm.com\/de\/wp-json\/wp\/v2\/pages"}],"about":[{"href":"https:\/\/deltaopticalthinfilm.com\/de\/wp-json\/wp\/v2\/types\/page"}],"author":[{"embeddable":true,"href":"https:\/\/deltaopticalthinfilm.com\/de\/wp-json\/wp\/v2\/users\/6"}],"replies":[{"embeddable":true,"href":"https:\/\/deltaopticalthinfilm.com\/de\/wp-json\/wp\/v2\/comments?post=108324"}],"version-history":[{"count":1,"href":"https:\/\/deltaopticalthinfilm.com\/de\/wp-json\/wp\/v2\/pages\/108324\/revisions"}],"predecessor-version":[{"id":108326,"href":"https:\/\/deltaopticalthinfilm.com\/de\/wp-json\/wp\/v2\/pages\/108324\/revisions\/108326"}],"up":[{"embeddable":true,"href":"https:\/\/deltaopticalthinfilm.com\/de\/wp-json\/wp\/v2\/pages\/108292"}],"wp:attachment":[{"href":"https:\/\/deltaopticalthinfilm.com\/de\/wp-json\/wp\/v2\/media?parent=108324"}],"curies":[{"name":"wp","href":"https:\/\/api.w.org\/{rel}","templated":true}]}}