{"id":108316,"date":"2022-02-14T13:50:50","date_gmt":"2022-02-14T13:50:50","guid":{"rendered":"https:\/\/deltaopticalthinfilm.com\/?page_id=108316"},"modified":"2024-10-31T10:16:12","modified_gmt":"2024-10-31T10:16:12","slug":"optische-sperrfilter","status":"publish","type":"page","link":"https:\/\/deltaopticalthinfilm.com\/de\/produkte\/homogene-filter\/optische-sperrfilter\/","title":{"rendered":"Optische Sperrfilter"},"content":{"rendered":"<div class=\"wpb-content-wrapper\"><p>[vc_row row_height_percent=&#8220;50&#8243; override_padding=&#8220;yes&#8220; h_padding=&#8220;2&#8243; top_padding=&#8220;3&#8243; bottom_padding=&#8220;3&#8243; back_image=&#8220;105868&#8243; back_position=&#8220;center center&#8220; kburns=&#8220;yes&#8220; overlay_alpha=&#8220;50&#8243; gutter_size=&#8220;3&#8243; column_width_percent=&#8220;100&#8243; shift_y=&#8220;0&#8243; z_index=&#8220;0&#8243; uncode_shortcode_id=&#8220;502768&#8243;][vc_column column_width_percent=&#8220;100&#8243; position_vertical=&#8220;bottom&#8220; gutter_size=&#8220;0&#8243; overlay_alpha=&#8220;50&#8243; shift_x=&#8220;0&#8243; shift_y=&#8220;0&#8243; shift_y_down=&#8220;0&#8243; z_index=&#8220;0&#8243; medium_width=&#8220;0&#8243; mobile_width=&#8220;0&#8243; width=&#8220;1\/1&#8243; uncode_shortcode_id=&#8220;151012&#8243;][vc_row_inner limit_content=&#8220;&#8220;][vc_column_inner width=&#8220;7\/12&#8243;][\/vc_column_inner][vc_column_inner column_width_percent=&#8220;100&#8243; gutter_size=&#8220;2&#8243; overlay_color=&#8220;color-134985&#8243; overlay_alpha=&#8220;95&#8243; shift_x=&#8220;0&#8243; shift_y=&#8220;0&#8243; shift_y_down=&#8220;-3&#8243; z_index=&#8220;0&#8243; medium_width=&#8220;0&#8243; mobile_width=&#8220;0&#8243; width=&#8220;5\/12&#8243; uncode_shortcode_id=&#8220;576498&#8243; overlay_color_type=&#8220;uncode-palette&#8220; css=&#8220;.vc_custom_1647350831457{padding-top: 50px !important;padding-right: 50px !important;padding-bottom: 50px !important;padding-left: 50px !important;}&#8220;][vc_custom_heading text_color=&#8220;color-204078&#8243; heading_semantic=&#8220;h3&#8243; text_size=&#8220;fontsize-957316&#8243; text_weight=&#8220;700&#8243; text_height=&#8220;fontheight-137524&#8243; uncode_shortcode_id=&#8220;209183&#8243; text_color_type=&#8220;uncode-palette&#8220;]Filter zur Erweiterung der Blockierung unserer kontinuierlich variablen Filter[\/vc_custom_heading][\/vc_column_inner][\/vc_row_inner][\/vc_column][\/vc_row][vc_row row_height_percent=&#8220;0&#8243; override_padding=&#8220;yes&#8220; h_padding=&#8220;2&#8243; top_padding=&#8220;4&#8243; bottom_padding=&#8220;1&#8243; overlay_alpha=&#8220;50&#8243; gutter_size=&#8220;3&#8243; column_width_percent=&#8220;100&#8243; shift_y=&#8220;0&#8243; z_index=&#8220;0&#8243; uncode_shortcode_id=&#8220;159570&#8243;][vc_column column_width_use_pixel=&#8220;yes&#8220; position_horizontal=&#8220;left&#8220; gutter_size=&#8220;3&#8243; overlay_alpha=&#8220;50&#8243; shift_x=&#8220;0&#8243; shift_y=&#8220;0&#8243; shift_y_down=&#8220;0&#8243; z_index=&#8220;0&#8243; medium_width=&#8220;0&#8243; mobile_width=&#8220;0&#8243; width=&#8220;2\/3&#8243; uncode_shortcode_id=&#8220;105992&#8243;][vc_custom_heading text_color=&#8220;color-154399&#8243; heading_semantic=&#8220;h1&#8243; text_size=&#8220;h1&#8243; uncode_shortcode_id=&#8220;205865&#8243; text_color_type=&#8220;uncode-palette&#8220;]Optische Sperrfilter[\/vc_custom_heading][vc_column_text uncode_shortcode_id=&#8220;108219&#8243;]Delta Optical Thin Film hat eine Reihe von homogenen Sperrfiltern entwickelt, die die Out-of-Band-Sperrung einiger unserer <a href=\"https:\/\/deltaopticalthinfilm.com\/de\/products\/continuously-variable-filters\/\">kontinuierlich variablen Filter<\/a> verbessern. Diese Out-of-Band-Blocking-Filter bieten eine hohe Transmission in einem breiten Wellenl\u00e4ngenbereich und blockieren gleichzeitig andere Wellenl\u00e4ngen im gesamten Wellenl\u00e4ngenbereich des Siliziumsensors (300 nm &#8211; 1100 nm). Die Out-of-Band-Sperrfilter sind so konzipiert, dass sie bei bestimmten Wellenl\u00e4ngen in den Strahl ein- und ausgeschaltet werden k\u00f6nnen, wie in der Abbildung unten dargestellt.<\/p>\n<p>[\/vc_column_text][vc_single_image media=&#8220;107004&#8243; media_width_percent=&#8220;100&#8243; uncode_shortcode_id=&#8220;209057&#8243;][vc_column_text uncode_shortcode_id=&#8220;582344&#8243;]Ein Filterpaar bestehend aus einem kontinuierlich variablen Langpassfilter (CVLWP) und einem kontinuierlich variablen Kurzpassfilter (CVSWP) wird verwendet, um einen abstimmbaren Filter zu erstellen, wie auf unserer Produktseite \u00fcber <a href=\"https:\/\/deltaopticalthinfilm.com\/de\/products\/continuously-variable-filters\/continuously-variable-edge-filters\/\" target=\"_blank\" rel=\"noopener\">kontinuierlich variable Kantenfilter<\/a> beschrieben. Bei den beiden Sperrfiltern in der Abbildung handelt es sich im Wesentlichen um Breitbandpassfilter, die im Durchlassbereich nahezu 100 % \u00fcbertragen und au\u00dferhalb des Durchlassbereichs typischerweise mit OD5-6 zur\u00fcckweisen. Die Sperrfilter k\u00f6nnen je nach dem verwendeten Wellenl\u00e4ngenbereich einzeln in den Strahlengang geschoben werden.<\/p>\n<p>[\/vc_column_text][vc_column_text uncode_shortcode_id=&#8220;144835&#8243;]In der nachstehenden Tabelle sind eine Reihe von uns hergestellter Sperrfilter aufgef\u00fchrt. Wenn keines der Beispiele Ihren speziellen Anforderungen entspricht, besprechen wir gerne mit Ihnen einen ma\u00dfgeschneiderten Filter.[\/vc_column_text][vc_custom_heading text_color=&#8220;color-169308&#8243; heading_semantic=&#8220;h4&#8243; text_size=&#8220;h4&#8243; text_weight=&#8220;500&#8243; uncode_shortcode_id=&#8220;969827&#8243; text_color_type=&#8220;uncode-palette&#8220;]Product specifications[\/vc_custom_heading][vc_empty_space empty_h=&#8220;1&#8243;][\/vc_column][vc_column width=&#8220;1\/3&#8243;][\/vc_column][\/vc_row][vc_row row_height_percent=&#8220;0&#8243; override_padding=&#8220;yes&#8220; h_padding=&#8220;2&#8243; top_padding=&#8220;1&#8243; bottom_padding=&#8220;4&#8243; overlay_alpha=&#8220;50&#8243; gutter_size=&#8220;3&#8243; column_width_percent=&#8220;100&#8243; shift_y=&#8220;0&#8243; z_index=&#8220;0&#8243; uncode_shortcode_id=&#8220;225491&#8243;][vc_column column_width_percent=&#8220;100&#8243; position_horizontal=&#8220;left&#8220; gutter_size=&#8220;3&#8243; overlay_alpha=&#8220;50&#8243; shift_x=&#8220;0&#8243; shift_y=&#8220;0&#8243; shift_y_down=&#8220;0&#8243; z_index=&#8220;0&#8243; medium_width=&#8220;0&#8243; mobile_width=&#8220;0&#8243; width=&#8220;5\/6&#8243; uncode_shortcode_id=&#8220;699499&#8243;][vc_column_text uncode_shortcode_id=&#8220;530219&#8243;]<div id=\"footable_parent_107498\"\n         class=\" footable_parent ninja_table_wrapper loading_ninja_table wp_table_data_press_parent semantic_ui colored_table\">\n                <table data-ninja_table_instance=\"ninja_table_instance_0\" data-footable_id=\"107498\" data-filter-delay=\"1000\" aria-label=\"Homogenious blocking filters\"            id=\"footable_107498\"\n           data-unique_identifier=\"ninja_table_unique_id_686364133_107498\"\n           class=\" foo-table ninja_footable foo_table_107498 ninja_table_unique_id_686364133_107498 ui table  ninja_search_right nt_type_legacy_table selectable celled compact ninja_custom_color inverted footable-paging-right ninja_table_search_disabled ninja_table_pro\">\n                <colgroup>\n                            <col class=\"ninja_column_0 \">\n                            <col class=\"ninja_column_1 \">\n                            <col class=\"ninja_column_2 \">\n                            <col class=\"ninja_column_3 \">\n                            <col class=\"ninja_column_4 \">\n                            <col class=\"ninja_column_5 \">\n                    <\/colgroup>\n        <thead>\n<tr class=\"footable-header\">\n                                                                                                        <th scope=\"col\"  class=\"ninja_column_0 ninja_clmn_nm_centernm \">\u03bbcenter (nm)<\/th><th scope=\"col\"  class=\"ninja_column_1 ninja_clmn_nm_fwhmnm \">FWHM (nm)<\/th><th scope=\"col\"  class=\"ninja_column_2 ninja_clmn_nm_tpeak \">Tpeak (%)<\/th><th scope=\"col\"  class=\"ninja_column_3 ninja_clmn_nm_productnumber \">Product number<\/th><th scope=\"col\"  class=\"ninja_column_4 ninja_clmn_nm_maxsize \">Max size <\/th><th scope=\"col\"  class=\"ninja_column_5 ninja_clmn_nm_datasheet \">Data sheet<\/th><\/tr>\n<\/thead>\n<tbody>\n\n        <tr data-row_id=\"2701\" class=\"ninja_table_row_0 nt_row_id_2701\">\n            <td>480<\/td><td>220<\/td><td>93<\/td><td>LF104551<\/td><td>80 mm x 55 mm x 1 mm<\/td><td data-json_values={\"permalink\":\"https:\\\/\\\/deltaopticalthinfilm.com\\\/wp-content\\\/uploads\\\/2022\\\/10\\\/BP480-220-LF104551.pdf\",\"image_thumb\":\"https:\\\/\\\/deltaopticalthinfilm.com\\\/wp-content\\\/uploads\\\/2022\\\/06\\\/Download_15px.png\",\"image_full\":\"https:\\\/\\\/deltaopticalthinfilm.com\\\/wp-content\\\/uploads\\\/2022\\\/06\\\/Download_15px.png\",\"alt_text\":\"Download_15px\"}><a target=\"_blank\" href=\"https:\/\/deltaopticalthinfilm.com\/wp-content\/uploads\/2022\/10\/BP480-220-LF104551.pdf\"><img decoding=\"async\" alt=\"Download_15px\" class=\"nt_image_type_thumb\" src=\"https:\/\/deltaopticalthinfilm.com\/wp-content\/uploads\/2022\/06\/Download_15px.png\"\/><\/a><\/td>        <\/tr>\n            <tr data-row_id=\"2702\" class=\"ninja_table_row_1 nt_row_id_2702\">\n            <td>550<\/td><td>100<\/td><td>92<\/td><td>LF101158<\/td><td>Round diameter 25 mm x 2 mm<\/td><td data-json_values={\"permalink\":\"https:\\\/\\\/deltaopticalthinfilm.com\\\/wp-content\\\/uploads\\\/2022\\\/06\\\/TopPride-BP550-100-LF101761.pdf\",\"image_thumb\":\"https:\\\/\\\/deltaopticalthinfilm.com\\\/wp-content\\\/uploads\\\/2022\\\/06\\\/Download_15px.png\",\"image_full\":\"https:\\\/\\\/deltaopticalthinfilm.com\\\/wp-content\\\/uploads\\\/2022\\\/06\\\/Download_15px.png\",\"alt_text\":\"Download_15px\"}><a target=\"_blank\" href=\"https:\/\/deltaopticalthinfilm.com\/wp-content\/uploads\/2022\/06\/TopPride-BP550-100-LF101761.pdf\"><img decoding=\"async\" alt=\"Download_15px\" class=\"nt_image_type_thumb\" src=\"https:\/\/deltaopticalthinfilm.com\/wp-content\/uploads\/2022\/06\/Download_15px.png\"\/><\/a><\/td>        <\/tr>\n            <tr data-row_id=\"2703\" class=\"ninja_table_row_2 nt_row_id_2703\">\n            <td>550<\/td><td>190<\/td><td>90<\/td><td>LF103000<\/td><td>Round diameter 25 mm x 2 mm<\/td><td data-json_values={\"permalink\":\"https:\\\/\\\/deltaopticalthinfilm.com\\\/wp-content\\\/uploads\\\/2022\\\/06\\\/BP455-645-LF103000.pdf\",\"image_thumb\":\"https:\\\/\\\/deltaopticalthinfilm.com\\\/wp-content\\\/uploads\\\/2022\\\/06\\\/Download_15px.png\",\"image_full\":\"https:\\\/\\\/deltaopticalthinfilm.com\\\/wp-content\\\/uploads\\\/2022\\\/06\\\/Download_15px.png\",\"alt_text\":\"Download_15px\"}><a target=\"_blank\" href=\"https:\/\/deltaopticalthinfilm.com\/wp-content\/uploads\/2022\/06\/BP455-645-LF103000.pdf\"><img decoding=\"async\" alt=\"Download_15px\" class=\"nt_image_type_thumb\" src=\"https:\/\/deltaopticalthinfilm.com\/wp-content\/uploads\/2022\/06\/Download_15px.png\"\/><\/a><\/td>        <\/tr>\n            <tr data-row_id=\"2705\" class=\"ninja_table_row_3 nt_row_id_2705\">\n            <td>558<\/td><td>295<\/td><td>94<\/td><td>LF104552<\/td><td>80 mm x 55 mm x 1 mm<\/td><td data-json_values={\"permalink\":\"https:\\\/\\\/deltaopticalthinfilm.com\\\/wp-content\\\/uploads\\\/2022\\\/10\\\/BP558-295-LF104552.pdf\",\"image_thumb\":\"https:\\\/\\\/deltaopticalthinfilm.com\\\/wp-content\\\/uploads\\\/2022\\\/06\\\/Download_15px.png\",\"image_full\":\"https:\\\/\\\/deltaopticalthinfilm.com\\\/wp-content\\\/uploads\\\/2022\\\/06\\\/Download_15px.png\",\"alt_text\":\"Download_15px\"}><a target=\"_blank\" href=\"https:\/\/deltaopticalthinfilm.com\/wp-content\/uploads\/2022\/10\/BP558-295-LF104552.pdf\"><img decoding=\"async\" alt=\"Download_15px\" class=\"nt_image_type_thumb\" src=\"https:\/\/deltaopticalthinfilm.com\/wp-content\/uploads\/2022\/06\/Download_15px.png\"\/><\/a><\/td>        <\/tr>\n            <tr data-row_id=\"2706\" class=\"ninja_table_row_4 nt_row_id_2706\">\n            <td>670<\/td><td>360<\/td><td>95<\/td><td>LF104553<\/td><td>80 mm x 55 mm x 1 mm<\/td><td data-json_values={\"permalink\":\"https:\\\/\\\/deltaopticalthinfilm.com\\\/wp-content\\\/uploads\\\/2022\\\/10\\\/BP670-360-LF104553_v2.pdf\",\"image_thumb\":\"https:\\\/\\\/deltaopticalthinfilm.com\\\/wp-content\\\/uploads\\\/2022\\\/06\\\/Download_15px.png\",\"image_full\":\"https:\\\/\\\/deltaopticalthinfilm.com\\\/wp-content\\\/uploads\\\/2022\\\/06\\\/Download_15px.png\",\"alt_text\":\"Download_15px\"}><a target=\"_blank\" href=\"https:\/\/deltaopticalthinfilm.com\/wp-content\/uploads\/2022\/10\/BP670-360-LF104553_v2.pdf\"><img decoding=\"async\" alt=\"Download_15px\" class=\"nt_image_type_thumb\" src=\"https:\/\/deltaopticalthinfilm.com\/wp-content\/uploads\/2022\/06\/Download_15px.png\"\/><\/a><\/td>        <\/tr>\n            <tr data-row_id=\"2708\" class=\"ninja_table_row_5 nt_row_id_2708\">\n            <td>827<\/td><td>425<\/td><td>95<\/td><td>LF104554<\/td><td>80 mm x 55 mm x 1 mm<\/td><td data-json_values={\"permalink\":\"https:\\\/\\\/deltaopticalthinfilm.com\\\/wp-content\\\/uploads\\\/2022\\\/11\\\/BP827-425-LF104554.pdf\",\"image_thumb\":\"https:\\\/\\\/deltaopticalthinfilm.com\\\/wp-content\\\/uploads\\\/2022\\\/06\\\/Download_15px.png\",\"image_full\":\"https:\\\/\\\/deltaopticalthinfilm.com\\\/wp-content\\\/uploads\\\/2022\\\/06\\\/Download_15px.png\",\"alt_text\":\"Download_15px\"}><a target=\"_blank\" href=\"https:\/\/deltaopticalthinfilm.com\/wp-content\/uploads\/2022\/11\/BP827-425-LF104554.pdf\"><img decoding=\"async\" alt=\"Download_15px\" class=\"nt_image_type_thumb\" src=\"https:\/\/deltaopticalthinfilm.com\/wp-content\/uploads\/2022\/06\/Download_15px.png\"\/><\/a><\/td>        <\/tr>\n    <\/tbody><!--ninja_tobody_rendering_done-->\n    <\/table>\n    \n    \n    \n<\/div>\n[\/vc_column_text][\/vc_column][vc_column width=&#8220;1\/6&#8243;][\/vc_column][\/vc_row][vc_row unlock_row_content=&#8220;yes&#8220; row_height_percent=&#8220;0&#8243; overlay_alpha=&#8220;50&#8243; gutter_size=&#8220;3&#8243; column_width_percent=&#8220;100&#8243; shift_y=&#8220;0&#8243; z_index=&#8220;0&#8243; uncode_shortcode_id=&#8220;140111&#8243;][vc_column width=&#8220;1\/1&#8243;][uncode_block id=&#8220;364&#8243;][\/vc_column][\/vc_row]<\/p>\n<\/div>","protected":false},"excerpt":{"rendered":"<p>[vc_row row_height_percent=&#8220;50&#8243; override_padding=&#8220;yes&#8220; h_padding=&#8220;2&#8243; top_padding=&#8220;3&#8243; bottom_padding=&#8220;3&#8243; back_image=&#8220;105868&#8243; back_position=&#8220;center center&#8220; kburns=&#8220;yes&#8220; overlay_alpha=&#8220;50&#8243; gutter_size=&#8220;3&#8243; column_width_percent=&#8220;100&#8243; shift_y=&#8220;0&#8243; z_index=&#8220;0&#8243; uncode_shortcode_id=&#8220;502768&#8243;][vc_column column_width_percent=&#8220;100&#8243; position_vertical=&#8220;bottom&#8220; gutter_size=&#8220;0&#8243; overlay_alpha=&#8220;50&#8243; [&hellip;]<\/p>\n","protected":false},"author":6,"featured_media":0,"parent":108292,"menu_order":0,"comment_status":"closed","ping_status":"closed","template":"","meta":{"_acf_changed":false,"footnotes":""},"class_list":["post-108316","page","type-page","status-publish","hentry"],"acf":[],"yoast_head":"<!-- This site is optimized with the Yoast SEO plugin v27.4 - https:\/\/yoast.com\/product\/yoast-seo-wordpress\/ -->\n<title>Optische Sperrfilter - Delta Optical Thin Film<\/title>\n<meta name=\"robots\" content=\"index, follow, max-snippet:-1, max-image-preview:large, max-video-preview:-1\" \/>\n<link rel=\"canonical\" href=\"https:\/\/deltaopticalthinfilm.com\/de\/produkte\/homogene-filter\/optische-sperrfilter\/\" \/>\n<meta property=\"og:locale\" content=\"de_DE\" \/>\n<meta property=\"og:type\" content=\"article\" \/>\n<meta property=\"og:title\" content=\"Optische Sperrfilter - Delta Optical Thin Film\" \/>\n<meta property=\"og:description\" content=\"[vc_row row_height_percent=&#8220;50&#8243; override_padding=&#8220;yes&#8220; h_padding=&#8220;2&#8243; top_padding=&#8220;3&#8243; bottom_padding=&#8220;3&#8243; back_image=&#8220;105868&#8243; back_position=&#8220;center center&#8220; kburns=&#8220;yes&#8220; overlay_alpha=&#8220;50&#8243; gutter_size=&#8220;3&#8243; column_width_percent=&#8220;100&#8243; shift_y=&#8220;0&#8243; z_index=&#8220;0&#8243; uncode_shortcode_id=&#8220;502768&#8243;][vc_column column_width_percent=&#8220;100&#8243; position_vertical=&#8220;bottom&#8220; gutter_size=&#8220;0&#8243; overlay_alpha=&#8220;50&#8243; [&hellip;]\" \/>\n<meta property=\"og:url\" content=\"https:\/\/deltaopticalthinfilm.com\/de\/produkte\/homogene-filter\/optische-sperrfilter\/\" \/>\n<meta property=\"og:site_name\" content=\"Delta Optical Thin Film\" \/>\n<meta property=\"article:modified_time\" content=\"2024-10-31T10:16:12+00:00\" \/>\n<meta name=\"twitter:card\" content=\"summary_large_image\" \/>\n<meta name=\"twitter:label1\" content=\"Gesch\u00e4tzte Lesezeit\" \/>\n\t<meta name=\"twitter:data1\" content=\"2\u00a0Minuten\" \/>\n<script type=\"application\/ld+json\" class=\"yoast-schema-graph\">{\"@context\":\"https:\\\/\\\/schema.org\",\"@graph\":[{\"@type\":\"WebPage\",\"@id\":\"https:\\\/\\\/deltaopticalthinfilm.com\\\/de\\\/produkte\\\/homogene-filter\\\/optische-sperrfilter\\\/\",\"url\":\"https:\\\/\\\/deltaopticalthinfilm.com\\\/de\\\/produkte\\\/homogene-filter\\\/optische-sperrfilter\\\/\",\"name\":\"Optische Sperrfilter - Delta Optical Thin Film\",\"isPartOf\":{\"@id\":\"https:\\\/\\\/deltaopticalthinfilm.com\\\/de\\\/#website\"},\"datePublished\":\"2022-02-14T13:50:50+00:00\",\"dateModified\":\"2024-10-31T10:16:12+00:00\",\"breadcrumb\":{\"@id\":\"https:\\\/\\\/deltaopticalthinfilm.com\\\/de\\\/produkte\\\/homogene-filter\\\/optische-sperrfilter\\\/#breadcrumb\"},\"inLanguage\":\"de\",\"potentialAction\":[{\"@type\":\"ReadAction\",\"target\":[\"https:\\\/\\\/deltaopticalthinfilm.com\\\/de\\\/produkte\\\/homogene-filter\\\/optische-sperrfilter\\\/\"]}]},{\"@type\":\"BreadcrumbList\",\"@id\":\"https:\\\/\\\/deltaopticalthinfilm.com\\\/de\\\/produkte\\\/homogene-filter\\\/optische-sperrfilter\\\/#breadcrumb\",\"itemListElement\":[{\"@type\":\"ListItem\",\"position\":1,\"name\":\"Hjem\",\"item\":\"https:\\\/\\\/deltaopticalthinfilm.com\\\/de\\\/home-new\\\/\"},{\"@type\":\"ListItem\",\"position\":2,\"name\":\"Produkte\",\"item\":\"https:\\\/\\\/deltaopticalthinfilm.com\\\/de\\\/produkte\\\/\"},{\"@type\":\"ListItem\",\"position\":3,\"name\":\"Homogene Filter\",\"item\":\"https:\\\/\\\/deltaopticalthinfilm.com\\\/de\\\/produkte\\\/homogene-filter\\\/\"},{\"@type\":\"ListItem\",\"position\":4,\"name\":\"Optische Sperrfilter\"}]},{\"@type\":\"WebSite\",\"@id\":\"https:\\\/\\\/deltaopticalthinfilm.com\\\/de\\\/#website\",\"url\":\"https:\\\/\\\/deltaopticalthinfilm.com\\\/de\\\/\",\"name\":\"Delta Optical Thin Film\",\"description\":\"We are the Optical Filter company\",\"potentialAction\":[{\"@type\":\"SearchAction\",\"target\":{\"@type\":\"EntryPoint\",\"urlTemplate\":\"https:\\\/\\\/deltaopticalthinfilm.com\\\/de\\\/?s={search_term_string}\"},\"query-input\":{\"@type\":\"PropertyValueSpecification\",\"valueRequired\":true,\"valueName\":\"search_term_string\"}}],\"inLanguage\":\"de\"}]}<\/script>\n<!-- \/ Yoast SEO plugin. -->","yoast_head_json":{"title":"Optische Sperrfilter - Delta Optical Thin Film","robots":{"index":"index","follow":"follow","max-snippet":"max-snippet:-1","max-image-preview":"max-image-preview:large","max-video-preview":"max-video-preview:-1"},"canonical":"https:\/\/deltaopticalthinfilm.com\/de\/produkte\/homogene-filter\/optische-sperrfilter\/","og_locale":"de_DE","og_type":"article","og_title":"Optische Sperrfilter - Delta Optical Thin Film","og_description":"[vc_row row_height_percent=&#8220;50&#8243; override_padding=&#8220;yes&#8220; h_padding=&#8220;2&#8243; top_padding=&#8220;3&#8243; bottom_padding=&#8220;3&#8243; back_image=&#8220;105868&#8243; back_position=&#8220;center center&#8220; kburns=&#8220;yes&#8220; overlay_alpha=&#8220;50&#8243; gutter_size=&#8220;3&#8243; column_width_percent=&#8220;100&#8243; shift_y=&#8220;0&#8243; z_index=&#8220;0&#8243; uncode_shortcode_id=&#8220;502768&#8243;][vc_column column_width_percent=&#8220;100&#8243; position_vertical=&#8220;bottom&#8220; gutter_size=&#8220;0&#8243; overlay_alpha=&#8220;50&#8243; [&hellip;]","og_url":"https:\/\/deltaopticalthinfilm.com\/de\/produkte\/homogene-filter\/optische-sperrfilter\/","og_site_name":"Delta Optical Thin Film","article_modified_time":"2024-10-31T10:16:12+00:00","twitter_card":"summary_large_image","twitter_misc":{"Gesch\u00e4tzte Lesezeit":"2\u00a0Minuten"},"schema":{"@context":"https:\/\/schema.org","@graph":[{"@type":"WebPage","@id":"https:\/\/deltaopticalthinfilm.com\/de\/produkte\/homogene-filter\/optische-sperrfilter\/","url":"https:\/\/deltaopticalthinfilm.com\/de\/produkte\/homogene-filter\/optische-sperrfilter\/","name":"Optische Sperrfilter - Delta Optical Thin Film","isPartOf":{"@id":"https:\/\/deltaopticalthinfilm.com\/de\/#website"},"datePublished":"2022-02-14T13:50:50+00:00","dateModified":"2024-10-31T10:16:12+00:00","breadcrumb":{"@id":"https:\/\/deltaopticalthinfilm.com\/de\/produkte\/homogene-filter\/optische-sperrfilter\/#breadcrumb"},"inLanguage":"de","potentialAction":[{"@type":"ReadAction","target":["https:\/\/deltaopticalthinfilm.com\/de\/produkte\/homogene-filter\/optische-sperrfilter\/"]}]},{"@type":"BreadcrumbList","@id":"https:\/\/deltaopticalthinfilm.com\/de\/produkte\/homogene-filter\/optische-sperrfilter\/#breadcrumb","itemListElement":[{"@type":"ListItem","position":1,"name":"Hjem","item":"https:\/\/deltaopticalthinfilm.com\/de\/home-new\/"},{"@type":"ListItem","position":2,"name":"Produkte","item":"https:\/\/deltaopticalthinfilm.com\/de\/produkte\/"},{"@type":"ListItem","position":3,"name":"Homogene Filter","item":"https:\/\/deltaopticalthinfilm.com\/de\/produkte\/homogene-filter\/"},{"@type":"ListItem","position":4,"name":"Optische Sperrfilter"}]},{"@type":"WebSite","@id":"https:\/\/deltaopticalthinfilm.com\/de\/#website","url":"https:\/\/deltaopticalthinfilm.com\/de\/","name":"Delta Optical Thin Film","description":"We are the Optical Filter company","potentialAction":[{"@type":"SearchAction","target":{"@type":"EntryPoint","urlTemplate":"https:\/\/deltaopticalthinfilm.com\/de\/?s={search_term_string}"},"query-input":{"@type":"PropertyValueSpecification","valueRequired":true,"valueName":"search_term_string"}}],"inLanguage":"de"}]}},"_links":{"self":[{"href":"https:\/\/deltaopticalthinfilm.com\/de\/wp-json\/wp\/v2\/pages\/108316","targetHints":{"allow":["GET"]}}],"collection":[{"href":"https:\/\/deltaopticalthinfilm.com\/de\/wp-json\/wp\/v2\/pages"}],"about":[{"href":"https:\/\/deltaopticalthinfilm.com\/de\/wp-json\/wp\/v2\/types\/page"}],"author":[{"embeddable":true,"href":"https:\/\/deltaopticalthinfilm.com\/de\/wp-json\/wp\/v2\/users\/6"}],"replies":[{"embeddable":true,"href":"https:\/\/deltaopticalthinfilm.com\/de\/wp-json\/wp\/v2\/comments?post=108316"}],"version-history":[{"count":1,"href":"https:\/\/deltaopticalthinfilm.com\/de\/wp-json\/wp\/v2\/pages\/108316\/revisions"}],"predecessor-version":[{"id":108319,"href":"https:\/\/deltaopticalthinfilm.com\/de\/wp-json\/wp\/v2\/pages\/108316\/revisions\/108319"}],"up":[{"embeddable":true,"href":"https:\/\/deltaopticalthinfilm.com\/de\/wp-json\/wp\/v2\/pages\/108292"}],"wp:attachment":[{"href":"https:\/\/deltaopticalthinfilm.com\/de\/wp-json\/wp\/v2\/media?parent=108316"}],"curies":[{"name":"wp","href":"https:\/\/api.w.org\/{rel}","templated":true}]}}