{"id":108262,"date":"2023-09-06T12:10:27","date_gmt":"2023-09-06T10:10:27","guid":{"rendered":"https:\/\/deltaopticalthinfilm.com\/?page_id=108262"},"modified":"2025-01-08T15:49:06","modified_gmt":"2025-01-08T15:49:06","slug":"wie-man-einen-ordnungsfilter-anfragt","status":"publish","type":"page","link":"https:\/\/deltaopticalthinfilm.com\/de\/wissen\/technische-hinweise-und-artikel\/wie-man-einen-ordnungsfilter-anfragt\/","title":{"rendered":"Wie man einen Ordnungsfilter anfragt"},"content":{"rendered":"<div class=\"wpb-content-wrapper\"><p>[vc_row row_height_percent=&#8220;50&#8243; override_padding=&#8220;yes&#8220; h_padding=&#8220;2&#8243; top_padding=&#8220;3&#8243; bottom_padding=&#8220;3&#8243; back_image=&#8220;105949&#8243; back_position=&#8220;center center&#8220; kburns=&#8220;yes&#8220; overlay_alpha=&#8220;50&#8243; gutter_size=&#8220;3&#8243; column_width_percent=&#8220;100&#8243; shift_y=&#8220;0&#8243; z_index=&#8220;0&#8243; uncode_shortcode_id=&#8220;196880&#8243;][vc_column column_width_percent=&#8220;100&#8243; position_vertical=&#8220;bottom&#8220; gutter_size=&#8220;0&#8243; overlay_alpha=&#8220;50&#8243; shift_x=&#8220;0&#8243; shift_y=&#8220;0&#8243; shift_y_down=&#8220;0&#8243; z_index=&#8220;0&#8243; medium_width=&#8220;0&#8243; mobile_width=&#8220;0&#8243; width=&#8220;1\/1&#8243; uncode_shortcode_id=&#8220;151012&#8243;][vc_row_inner limit_content=&#8220;&#8220;][vc_column_inner width=&#8220;7\/12&#8243;][\/vc_column_inner][vc_column_inner column_width_percent=&#8220;100&#8243; gutter_size=&#8220;2&#8243; overlay_color=&#8220;color-134985&#8243; overlay_alpha=&#8220;95&#8243; shift_x=&#8220;0&#8243; shift_y=&#8220;0&#8243; shift_y_down=&#8220;-3&#8243; z_index=&#8220;0&#8243; medium_width=&#8220;0&#8243; mobile_width=&#8220;0&#8243; width=&#8220;5\/12&#8243; uncode_shortcode_id=&#8220;576498&#8243; overlay_color_type=&#8220;uncode-palette&#8220; css=&#8220;.vc_custom_1647350831457{padding-top: 50px !important;padding-right: 50px !important;padding-bottom: 50px !important;padding-left: 50px !important;}&#8220;][vc_custom_heading text_color=&#8220;color-204078&#8243; heading_semantic=&#8220;h3&#8243; text_size=&#8220;fontsize-957316&#8243; text_weight=&#8220;700&#8243; text_height=&#8220;fontheight-137524&#8243; uncode_shortcode_id=&#8220;306660&#8243; text_color_type=&#8220;uncode-palette&#8220;]Wichtige Spektrometerparameter f\u00fcr eine optimale CVOSF-Auswahl[\/vc_custom_heading][\/vc_column_inner][\/vc_row_inner][\/vc_column][\/vc_row][vc_row row_height_percent=&#8220;0&#8243; override_padding=&#8220;yes&#8220; h_padding=&#8220;2&#8243; top_padding=&#8220;4&#8243; bottom_padding=&#8220;3&#8243; back_color=&#8220;color-434072&#8243; overlay_alpha=&#8220;50&#8243; gutter_size=&#8220;3&#8243; column_width_percent=&#8220;100&#8243; shift_y=&#8220;0&#8243; z_index=&#8220;0&#8243; uncode_shortcode_id=&#8220;159117&#8243; back_color_type=&#8220;uncode-palette&#8220;][vc_column column_width_use_pixel=&#8220;yes&#8220; position_horizontal=&#8220;left&#8220; gutter_size=&#8220;3&#8243; overlay_alpha=&#8220;50&#8243; shift_x=&#8220;0&#8243; shift_y=&#8220;0&#8243; shift_y_down=&#8220;0&#8243; z_index=&#8220;0&#8243; medium_width=&#8220;0&#8243; mobile_width=&#8220;0&#8243; width=&#8220;2\/3&#8243; uncode_shortcode_id=&#8220;105992&#8243;][vc_custom_heading text_color=&#8220;color-154399&#8243; heading_semantic=&#8220;h1&#8243; text_size=&#8220;h1&#8243; uncode_shortcode_id=&#8220;136801&#8243; text_color_type=&#8220;uncode-palette&#8220;]Wie man einen Ordnungsfilter anfragt[\/vc_custom_heading][vc_column_text uncode_shortcode_id=&#8220;165301&#8243;]Die mehrfachen Ordnungen von Beugungsgittern werden in Diodenarray-Spektrometern problematisch, wenn das erfasste Spektrum mehr als eine Oktave umfasst. In diesem Fall \u00fcberschneiden sich die Ordnungen und es ist daher schwierig, das erfasste Spektrum zu interpretieren. Die L\u00f6sung besteht darin, einen Ordnungsfilter unmittelbar vor dem Detektor in das Spektrometer einzubauen. In diesem technischen Hinweis wird beschrieben, wie ein kontinuierlich variabler Ordnungsfilter (Continuously Variable Order Sorting Filter, CVOSF) spezifiziert werden kann.[\/vc_column_text][vc_single_image media=&#8220;106896&#8243; media_lightbox=&#8220;yes&#8220; media_width_use_pixel=&#8220;yes&#8220; alignment=&#8220;center&#8220; uncode_shortcode_id=&#8220;441710&#8243; media_width_pixel=&#8220;600&#8243;][\/vc_column][vc_column column_width_percent=&#8220;100&#8243; align_horizontal=&#8220;align_center&#8220; gutter_size=&#8220;3&#8243; overlay_alpha=&#8220;50&#8243; shift_x=&#8220;0&#8243; shift_y=&#8220;0&#8243; shift_y_down=&#8220;0&#8243; z_index=&#8220;0&#8243; medium_width=&#8220;0&#8243; mobile_width=&#8220;0&#8243; width=&#8220;1\/3&#8243; uncode_shortcode_id=&#8220;140466&#8243; css=&#8220;.vc_custom_1736350705903{padding-top: 30px !important;padding-right: 30px !important;padding-bottom: 30px !important;padding-left: 30px !important;}&#8220;][vc_empty_space empty_h=&#8220;3&#8243;][vc_icon display=&#8220;inline&#8220; icon_image=&#8220;106697&#8243; media_size=&#8220;80px&#8220; text_lead=&#8220;small&#8220; uncode_shortcode_id=&#8220;425876&#8243; link=&#8220;url:https%3A%2F%2Fdeltaopticalthinfilm.com%2Fwp-content%2Fuploads%2F2023%2F09%2FHow-to-request-a-CVOSF-Rev-1.pdf|target:_blank&#8220;]Dieses Whitepaper herunterladen[\/vc_icon][vc_empty_space empty_h=&#8220;3&#8243;][vc_icon display=&#8220;inline&#8220; icon_image=&#8220;108573&#8243; media_size=&#8220;90px&#8220; text_lead=&#8220;small&#8220; uncode_shortcode_id=&#8220;958133&#8243; link=&#8220;url:https%3A%2F%2Fdeltaopticalthinfilm.com%2Fwp-content%2Fuploads%2F2024%2F12%2FCVOSF-Specification-v2.xlsx|target:_blank&#8220;]Die Excel-Tabelle zur Spezifikation Ihres Filters herunterladen[\/vc_icon][\/vc_column][\/vc_row][vc_row row_height_percent=&#8220;0&#8243; override_padding=&#8220;yes&#8220; h_padding=&#8220;2&#8243; top_padding=&#8220;3&#8243; bottom_padding=&#8220;3&#8243; overlay_alpha=&#8220;50&#8243; gutter_size=&#8220;3&#8243; column_width_percent=&#8220;100&#8243; shift_y=&#8220;0&#8243; z_index=&#8220;0&#8243; uncode_shortcode_id=&#8220;178033&#8243;][vc_column column_width_use_pixel=&#8220;yes&#8220; position_horizontal=&#8220;left&#8220; gutter_size=&#8220;2&#8243; overlay_alpha=&#8220;50&#8243; shift_x=&#8220;0&#8243; shift_y=&#8220;0&#8243; shift_y_down=&#8220;0&#8243; z_index=&#8220;0&#8243; medium_width=&#8220;0&#8243; mobile_width=&#8220;0&#8243; width=&#8220;2\/3&#8243; uncode_shortcode_id=&#8220;627447&#8243;][vc_custom_heading uncode_shortcode_id=&#8220;433157&#8243;]Definitionen[\/vc_custom_heading][vc_column_text uncode_shortcode_id=&#8220;141828&#8243;]Um den besten CVOSF f\u00fcr Ihr Spektrometer zu ermitteln, ist es f\u00fcr Delta Optical Thin Film wichtig, einige Schl\u00fcsselparameter Ihres Spektrometerdesigns zu kennen. Abbildung 1 zeigt schematisch, wie die Wellenl\u00e4nge von der Strahlposition auf dem Filter f\u00fcr die 1., 2. und 3. Ordnung abh\u00e4ngt. Es ist wichtig zu beachten, dass der Bereich der Wellenl\u00e4ngen, die der Detektor potenziell erreichen und erfassen kann, gr\u00f6\u00dfer sein kann als der Wellenl\u00e4ngenbereich, f\u00fcr den das Spektrometer ausgelegt ist. So k\u00f6nnen einige Detektoren beispielsweise bis zu 180 nm empfindlich sein. Selbst wenn das Spektrometer so ausgelegt ist, dass es z. B. Licht 1. Ordnung von \u03bb<sub>1st, start<\/sub> = 250 nm bis \u03bb<sub>1st, end <\/sub>\u00a0= 1050 nm detektieren kann, k\u00f6nnte auch Umgebungslicht der 2. und 3. Ordnung zwischen 180 nm und 250 nm detektiert werden. Die niedrigste nachweisbare Wellenl\u00e4nge \u03bb<sub>ho,start<\/sub> kann durch verschiedene Ma\u00dfnahmen wie die UV-Absorption in einem Deckglas auf dem Detektor oder einen optischen Bandpassfilter am Eingang des Spektrometers begrenzt werden.[\/vc_column_text][vc_empty_space empty_h=&#8220;2&#8243;][vc_single_image media=&#8220;108607&#8243; caption=&#8220;yes&#8220; media_lightbox=&#8220;yes&#8220; media_width_use_pixel=&#8220;yes&#8220; alignment=&#8220;center&#8220; uncode_shortcode_id=&#8220;212202&#8243; media_width_pixel=&#8220;600&#8243;][vc_empty_space empty_h=&#8220;2&#8243;][vc_column_text uncode_shortcode_id=&#8220;932938&#8243;]Die folgenden vier in Abbildung 1 definierten Wellenl\u00e4ngen erster Ordnung und ihre Positionen auf dem Filter sind entscheidend:<\/p>\n<ul>\n<li>\u03bb<sub>1st, start <\/sub>Die k\u00fcrzeste Wellenl\u00e4nge von Licht 1. Ordnung, f\u00fcr die das Spektrometer ausgelegt ist<\/li>\n<li>2x\u03bb<sub>ho,start <\/sub>2x die k\u00fcrzeste Wellenl\u00e4nge des Lichts h\u00f6herer Ordnung, die der Detektor erkennen kann<\/li>\n<li>3x\u03bb<sub>ho, start <\/sub>3x die k\u00fcrzeste Wellenl\u00e4nge des Lichts h\u00f6herer Ordnung, die der Detektor erkennen kann<\/li>\n<li>\u03bb<sub>1<\/sub><sub>st,end <\/sub>Die l\u00e4ngste Wellenl\u00e4nge des Lichts 1. Ordnung, f\u00fcr das das Spektrometer ausgelegt ist<\/li>\n<\/ul>\n<p>[\/vc_column_text][\/vc_column][vc_column width=&#8220;1\/3&#8243;][\/vc_column][\/vc_row][vc_row row_height_percent=&#8220;0&#8243; back_color=&#8220;color-434072&#8243; overlay_alpha=&#8220;50&#8243; gutter_size=&#8220;3&#8243; column_width_percent=&#8220;100&#8243; shift_y=&#8220;0&#8243; z_index=&#8220;0&#8243; uncode_shortcode_id=&#8220;181593&#8243; css=&#8220;.vc_custom_1694000938714{margin-top: 0px !important;}&#8220; back_color_type=&#8220;uncode-palette&#8220;][vc_column width=&#8220;1\/1&#8243;][vc_custom_heading uncode_shortcode_id=&#8220;154910&#8243;]Positionen der Ordnungen, AOI-Bereich und Strahlpositionen[\/vc_custom_heading][\/vc_column][\/vc_row][vc_row row_height_percent=&#8220;0&#8243; back_color=&#8220;color-434072&#8243; overlay_alpha=&#8220;50&#8243; gutter_size=&#8220;3&#8243; column_width_percent=&#8220;100&#8243; shift_y=&#8220;0&#8243; z_index=&#8220;0&#8243; uncode_shortcode_id=&#8220;181593&#8243; css=&#8220;.vc_custom_1694000938714{margin-top: 0px !important;}&#8220; back_color_type=&#8220;uncode-palette&#8220;][vc_column width=&#8220;1\/2&#8243;][vc_single_image media=&#8220;108501&#8243; caption=&#8220;yes&#8220; media_lightbox=&#8220;yes&#8220; media_width_use_pixel=&#8220;yes&#8220; alignment=&#8220;center&#8220; uncode_shortcode_id=&#8220;107307&#8243; media_width_pixel=&#8220;600&#8243;][\/vc_column][vc_column width=&#8220;1\/2&#8243;][vc_single_image media=&#8220;108503&#8243; caption=&#8220;yes&#8220; media_lightbox=&#8220;yes&#8220; media_width_use_pixel=&#8220;yes&#8220; alignment=&#8220;center&#8220; uncode_shortcode_id=&#8220;101774&#8243; media_width_pixel=&#8220;600&#8243;][\/vc_column][\/vc_row][vc_row row_height_percent=&#8220;0&#8243; back_color=&#8220;color-434072&#8243; overlay_alpha=&#8220;50&#8243; gutter_size=&#8220;3&#8243; column_width_percent=&#8220;100&#8243; shift_y=&#8220;0&#8243; z_index=&#8220;0&#8243; uncode_shortcode_id=&#8220;181593&#8243; css=&#8220;.vc_custom_1694000938714{margin-top: 0px !important;}&#8220; back_color_type=&#8220;uncode-palette&#8220;][vc_column width=&#8220;2\/3&#8243;][vc_column_text uncode_shortcode_id=&#8220;540325&#8243;]Um das beste CVOSF-Design f\u00fcr Ihr Spektrometer auszuw\u00e4hlen, bitten wir Sie um folgende Angaben (siehe Abbildung 1, Abbildung 2 und Abbildung 3 f\u00fcr Definitionen):<\/p>\n<ul>\n<li>Die k\u00fcrzeste und l\u00e4ngste Wellenl\u00e4nge 1. Ordnung, die auf den Detektor Ihres Spektrometers trifft<\/li>\n<li>Die k\u00fcrzeste Wellenl\u00e4nge h\u00f6herer Ordnung, die zur\u00fcckzuweisen ist<\/li>\n<li>Die Positionen des Hauptstrahls entlang der x-Achse auf dem Filter der folgenden vier Wellenl\u00e4ngen erster Ordnung: \u03bb<sub>1st, start<\/sub>, 2x\u03bb<sub>ho,start<\/sub>, 3x\u03bb<sub>ho, start<\/sub> und \u03bb<sub>1st,end<\/sub><\/li>\n<li>Der minimale und maximale Einfallswinkel (AOI) of \u03bb<sub>1st, start<\/sub>, 2x\u03bb<sub>ho,start<\/sub>, 3x\u03bb<sub>ho, start<\/sub> und \u03bb<sub>1st,end<\/sub>. Bitte geben Sie die AOIs so vor, dass Winkel auf gegen\u00fcberliegenden Seiten der Normale entgegengesetzte Vorzeichen haben.<\/li>\n<li>Der Strahldurchmesser auf dem Filter von \u03bb<sub>1st, start<\/sub>, 2x\u03bb<sub>ho,start<\/sub>, 3x\u03bb<sub>ho, start<\/sub> und \u03bb<sub>1st,end<\/sub>.<\/li>\n<\/ul>\n<p>Die Abbildung unten zeigt ein Beispiel f\u00fcr eine Filterspezifikation f\u00fcr ein 300\u20131100 nm Spektrometer. <a href=\"https:\/\/deltaopticalthinfilm.com\/wp-content\/uploads\/2024\/12\/CVOSF-Specification-v2.xlsx\">Sie k\u00f6nnen die Excel-Tabelle hier herunterladen<\/a>, Ihre eigenen Spezifikationen eingeben und sie uns zusenden, um die Diskussion zu starten.[\/vc_column_text][vc_single_image media=&#8220;108535&#8243; media_lightbox=&#8220;yes&#8220; media_width_use_pixel=&#8220;yes&#8220; uncode_shortcode_id=&#8220;349205&#8243; media_width_pixel=&#8220;600&#8243;][\/vc_column][vc_column width=&#8220;1\/3&#8243;][\/vc_column][\/vc_row][vc_row unlock_row_content=&#8220;yes&#8220; row_height_percent=&#8220;0&#8243; overlay_alpha=&#8220;50&#8243; gutter_size=&#8220;3&#8243; column_width_percent=&#8220;100&#8243; shift_y=&#8220;0&#8243; z_index=&#8220;0&#8243; uncode_shortcode_id=&#8220;172522&#8243;][vc_column width=&#8220;1\/1&#8243;][uncode_block id=&#8220;106956&#8243;][\/vc_column][\/vc_row][vc_row row_height_percent=&#8220;0&#8243; override_padding=&#8220;yes&#8220; h_padding=&#8220;2&#8243; top_padding=&#8220;3&#8243; bottom_padding=&#8220;3&#8243; back_color=&#8220;color-xsdn&#8220; overlay_alpha=&#8220;50&#8243; gutter_size=&#8220;3&#8243; column_width_percent=&#8220;100&#8243; shift_y=&#8220;0&#8243; z_index=&#8220;0&#8243; uncode_shortcode_id=&#8220;207846&#8243; back_color_type=&#8220;uncode-palette&#8220;][vc_column column_width_percent=&#8220;100&#8243; gutter_size=&#8220;1&#8243; overlay_alpha=&#8220;50&#8243; shift_x=&#8220;0&#8243; shift_y=&#8220;0&#8243; shift_y_down=&#8220;0&#8243; z_index=&#8220;0&#8243; medium_width=&#8220;0&#8243; mobile_width=&#8220;0&#8243; width=&#8220;2\/3&#8243; uncode_shortcode_id=&#8220;818182&#8243;][vc_custom_heading text_color=&#8220;color-154399&#8243; uncode_shortcode_id=&#8220;430442&#8243; text_color_type=&#8220;uncode-palette&#8220;]Abmessungen und Substratmaterial[\/vc_custom_heading][vc_single_image media=&#8220;108538&#8243; caption=&#8220;yes&#8220; media_lightbox=&#8220;yes&#8220; media_width_use_pixel=&#8220;yes&#8220; alignment=&#8220;center&#8220; lbox_skin=&#8220;white&#8220; uncode_shortcode_id=&#8220;867587&#8243; media_width_pixel=&#8220;600&#8243;][vc_empty_space empty_h=&#8220;2&#8243;][vc_column_text uncode_shortcode_id=&#8220;138551&#8243;]Geben Sie bitte unter Bezugnahme auf Abbildung 5 die folgenden Parameter f\u00fcr den Filter an. Typischerweise betragen die Toleranzen \u00b10,1 mm, mit Ausnahme von D, das normalerweise eine Toleranz von \u00b10,5 mm aufweist. Das Standardsubstrat besteht aus UV-geeignetem Quarzglas. Bitte kontaktieren Sie uns, wenn Sie ein anderes Substratmaterial als das Standardmaterial ben\u00f6tigen.[\/vc_column_text][vc_empty_space empty_h=&#8220;2&#8243;][vc_single_image media=&#8220;108545&#8243; caption=&#8220;yes&#8220; media_lightbox=&#8220;yes&#8220; media_width_use_pixel=&#8220;yes&#8220; alignment=&#8220;center&#8220; lbox_skin=&#8220;white&#8220; uncode_shortcode_id=&#8220;137539&#8243; media_width_pixel=&#8220;600&#8243;][vc_empty_space empty_h=&#8220;2&#8243;][vc_column_text uncode_shortcode_id=&#8220;916157&#8243;]Unsere Filter werden nach ISO 10110-7 auf optische M\u00e4ngel gepr\u00fcft und erf\u00fcllen in der Regel die folgenden Spezifikationen: 5&#215;0,1;Lx0,06;E0,25 (5 Fehler der Klasse 0,1; lange Kratzer von maximal 0,06 mm Breite; Kantenausbr\u00fcche von maximal 0,25 mm vom Rand).[\/vc_column_text][\/vc_column][vc_column width=&#8220;1\/3&#8243;][\/vc_column][\/vc_row][vc_row][vc_column width=&#8220;1\/1&#8243;][uncode_block id=&#8220;106699&#8243;][\/vc_column][\/vc_row]<\/p>\n<\/div>","protected":false},"excerpt":{"rendered":"<p>[vc_row row_height_percent=&#8220;50&#8243; override_padding=&#8220;yes&#8220; h_padding=&#8220;2&#8243; top_padding=&#8220;3&#8243; bottom_padding=&#8220;3&#8243; back_image=&#8220;105949&#8243; back_position=&#8220;center center&#8220; kburns=&#8220;yes&#8220; overlay_alpha=&#8220;50&#8243; gutter_size=&#8220;3&#8243; column_width_percent=&#8220;100&#8243; shift_y=&#8220;0&#8243; z_index=&#8220;0&#8243; uncode_shortcode_id=&#8220;196880&#8243;][vc_column column_width_percent=&#8220;100&#8243; position_vertical=&#8220;bottom&#8220; gutter_size=&#8220;0&#8243; overlay_alpha=&#8220;50&#8243; [&hellip;]<\/p>\n","protected":false},"author":6,"featured_media":0,"parent":108239,"menu_order":0,"comment_status":"closed","ping_status":"closed","template":"","meta":{"_acf_changed":false,"footnotes":""},"class_list":["post-108262","page","type-page","status-publish","hentry"],"acf":[],"yoast_head":"<!-- This site is optimized with the Yoast SEO plugin v27.4 - https:\/\/yoast.com\/product\/yoast-seo-wordpress\/ -->\n<title>Wie man einen Ordnungsfilter anfragt - Delta Optical Thin Film<\/title>\n<meta name=\"robots\" content=\"index, follow, max-snippet:-1, max-image-preview:large, max-video-preview:-1\" \/>\n<link rel=\"canonical\" href=\"https:\/\/deltaopticalthinfilm.com\/de\/wissen\/technische-hinweise-und-artikel\/wie-man-einen-ordnungsfilter-anfragt\/\" \/>\n<meta property=\"og:locale\" content=\"de_DE\" \/>\n<meta property=\"og:type\" content=\"article\" \/>\n<meta property=\"og:title\" content=\"Wie man einen Ordnungsfilter anfragt - Delta Optical Thin Film\" \/>\n<meta property=\"og:description\" content=\"[vc_row row_height_percent=&#8220;50&#8243; override_padding=&#8220;yes&#8220; h_padding=&#8220;2&#8243; top_padding=&#8220;3&#8243; bottom_padding=&#8220;3&#8243; back_image=&#8220;105949&#8243; back_position=&#8220;center center&#8220; kburns=&#8220;yes&#8220; overlay_alpha=&#8220;50&#8243; gutter_size=&#8220;3&#8243; column_width_percent=&#8220;100&#8243; shift_y=&#8220;0&#8243; z_index=&#8220;0&#8243; uncode_shortcode_id=&#8220;196880&#8243;][vc_column column_width_percent=&#8220;100&#8243; position_vertical=&#8220;bottom&#8220; gutter_size=&#8220;0&#8243; overlay_alpha=&#8220;50&#8243; [&hellip;]\" \/>\n<meta property=\"og:url\" content=\"https:\/\/deltaopticalthinfilm.com\/de\/wissen\/technische-hinweise-und-artikel\/wie-man-einen-ordnungsfilter-anfragt\/\" \/>\n<meta property=\"og:site_name\" content=\"Delta Optical Thin Film\" \/>\n<meta property=\"article:modified_time\" content=\"2025-01-08T15:49:06+00:00\" \/>\n<meta name=\"twitter:card\" content=\"summary_large_image\" \/>\n<meta name=\"twitter:label1\" content=\"Gesch\u00e4tzte Lesezeit\" \/>\n\t<meta name=\"twitter:data1\" content=\"4\u00a0Minuten\" \/>\n<script type=\"application\/ld+json\" class=\"yoast-schema-graph\">{\"@context\":\"https:\\\/\\\/schema.org\",\"@graph\":[{\"@type\":\"WebPage\",\"@id\":\"https:\\\/\\\/deltaopticalthinfilm.com\\\/de\\\/wissen\\\/technische-hinweise-und-artikel\\\/wie-man-einen-ordnungsfilter-anfragt\\\/\",\"url\":\"https:\\\/\\\/deltaopticalthinfilm.com\\\/de\\\/wissen\\\/technische-hinweise-und-artikel\\\/wie-man-einen-ordnungsfilter-anfragt\\\/\",\"name\":\"Wie man einen Ordnungsfilter anfragt - Delta Optical Thin Film\",\"isPartOf\":{\"@id\":\"https:\\\/\\\/deltaopticalthinfilm.com\\\/de\\\/#website\"},\"datePublished\":\"2023-09-06T10:10:27+00:00\",\"dateModified\":\"2025-01-08T15:49:06+00:00\",\"breadcrumb\":{\"@id\":\"https:\\\/\\\/deltaopticalthinfilm.com\\\/de\\\/wissen\\\/technische-hinweise-und-artikel\\\/wie-man-einen-ordnungsfilter-anfragt\\\/#breadcrumb\"},\"inLanguage\":\"de\",\"potentialAction\":[{\"@type\":\"ReadAction\",\"target\":[\"https:\\\/\\\/deltaopticalthinfilm.com\\\/de\\\/wissen\\\/technische-hinweise-und-artikel\\\/wie-man-einen-ordnungsfilter-anfragt\\\/\"]}]},{\"@type\":\"BreadcrumbList\",\"@id\":\"https:\\\/\\\/deltaopticalthinfilm.com\\\/de\\\/wissen\\\/technische-hinweise-und-artikel\\\/wie-man-einen-ordnungsfilter-anfragt\\\/#breadcrumb\",\"itemListElement\":[{\"@type\":\"ListItem\",\"position\":1,\"name\":\"Hjem\",\"item\":\"https:\\\/\\\/deltaopticalthinfilm.com\\\/de\\\/home-new\\\/\"},{\"@type\":\"ListItem\",\"position\":2,\"name\":\"Wissen\",\"item\":\"https:\\\/\\\/deltaopticalthinfilm.com\\\/de\\\/wissen\\\/\"},{\"@type\":\"ListItem\",\"position\":3,\"name\":\"Technische Hinweise und Artikel\",\"item\":\"https:\\\/\\\/deltaopticalthinfilm.com\\\/de\\\/wissen\\\/technische-hinweise-und-artikel\\\/\"},{\"@type\":\"ListItem\",\"position\":4,\"name\":\"Wie man einen Ordnungsfilter anfragt\"}]},{\"@type\":\"WebSite\",\"@id\":\"https:\\\/\\\/deltaopticalthinfilm.com\\\/de\\\/#website\",\"url\":\"https:\\\/\\\/deltaopticalthinfilm.com\\\/de\\\/\",\"name\":\"Delta Optical Thin Film\",\"description\":\"We are the Optical Filter company\",\"potentialAction\":[{\"@type\":\"SearchAction\",\"target\":{\"@type\":\"EntryPoint\",\"urlTemplate\":\"https:\\\/\\\/deltaopticalthinfilm.com\\\/de\\\/?s={search_term_string}\"},\"query-input\":{\"@type\":\"PropertyValueSpecification\",\"valueRequired\":true,\"valueName\":\"search_term_string\"}}],\"inLanguage\":\"de\"}]}<\/script>\n<!-- \/ Yoast SEO plugin. -->","yoast_head_json":{"title":"Wie man einen Ordnungsfilter anfragt - Delta Optical Thin Film","robots":{"index":"index","follow":"follow","max-snippet":"max-snippet:-1","max-image-preview":"max-image-preview:large","max-video-preview":"max-video-preview:-1"},"canonical":"https:\/\/deltaopticalthinfilm.com\/de\/wissen\/technische-hinweise-und-artikel\/wie-man-einen-ordnungsfilter-anfragt\/","og_locale":"de_DE","og_type":"article","og_title":"Wie man einen Ordnungsfilter anfragt - Delta Optical Thin Film","og_description":"[vc_row row_height_percent=&#8220;50&#8243; override_padding=&#8220;yes&#8220; h_padding=&#8220;2&#8243; top_padding=&#8220;3&#8243; bottom_padding=&#8220;3&#8243; back_image=&#8220;105949&#8243; back_position=&#8220;center center&#8220; kburns=&#8220;yes&#8220; overlay_alpha=&#8220;50&#8243; gutter_size=&#8220;3&#8243; column_width_percent=&#8220;100&#8243; shift_y=&#8220;0&#8243; z_index=&#8220;0&#8243; uncode_shortcode_id=&#8220;196880&#8243;][vc_column column_width_percent=&#8220;100&#8243; position_vertical=&#8220;bottom&#8220; gutter_size=&#8220;0&#8243; overlay_alpha=&#8220;50&#8243; [&hellip;]","og_url":"https:\/\/deltaopticalthinfilm.com\/de\/wissen\/technische-hinweise-und-artikel\/wie-man-einen-ordnungsfilter-anfragt\/","og_site_name":"Delta Optical Thin Film","article_modified_time":"2025-01-08T15:49:06+00:00","twitter_card":"summary_large_image","twitter_misc":{"Gesch\u00e4tzte Lesezeit":"4\u00a0Minuten"},"schema":{"@context":"https:\/\/schema.org","@graph":[{"@type":"WebPage","@id":"https:\/\/deltaopticalthinfilm.com\/de\/wissen\/technische-hinweise-und-artikel\/wie-man-einen-ordnungsfilter-anfragt\/","url":"https:\/\/deltaopticalthinfilm.com\/de\/wissen\/technische-hinweise-und-artikel\/wie-man-einen-ordnungsfilter-anfragt\/","name":"Wie man einen Ordnungsfilter anfragt - Delta Optical Thin Film","isPartOf":{"@id":"https:\/\/deltaopticalthinfilm.com\/de\/#website"},"datePublished":"2023-09-06T10:10:27+00:00","dateModified":"2025-01-08T15:49:06+00:00","breadcrumb":{"@id":"https:\/\/deltaopticalthinfilm.com\/de\/wissen\/technische-hinweise-und-artikel\/wie-man-einen-ordnungsfilter-anfragt\/#breadcrumb"},"inLanguage":"de","potentialAction":[{"@type":"ReadAction","target":["https:\/\/deltaopticalthinfilm.com\/de\/wissen\/technische-hinweise-und-artikel\/wie-man-einen-ordnungsfilter-anfragt\/"]}]},{"@type":"BreadcrumbList","@id":"https:\/\/deltaopticalthinfilm.com\/de\/wissen\/technische-hinweise-und-artikel\/wie-man-einen-ordnungsfilter-anfragt\/#breadcrumb","itemListElement":[{"@type":"ListItem","position":1,"name":"Hjem","item":"https:\/\/deltaopticalthinfilm.com\/de\/home-new\/"},{"@type":"ListItem","position":2,"name":"Wissen","item":"https:\/\/deltaopticalthinfilm.com\/de\/wissen\/"},{"@type":"ListItem","position":3,"name":"Technische Hinweise und Artikel","item":"https:\/\/deltaopticalthinfilm.com\/de\/wissen\/technische-hinweise-und-artikel\/"},{"@type":"ListItem","position":4,"name":"Wie man einen Ordnungsfilter anfragt"}]},{"@type":"WebSite","@id":"https:\/\/deltaopticalthinfilm.com\/de\/#website","url":"https:\/\/deltaopticalthinfilm.com\/de\/","name":"Delta Optical Thin Film","description":"We are the Optical Filter company","potentialAction":[{"@type":"SearchAction","target":{"@type":"EntryPoint","urlTemplate":"https:\/\/deltaopticalthinfilm.com\/de\/?s={search_term_string}"},"query-input":{"@type":"PropertyValueSpecification","valueRequired":true,"valueName":"search_term_string"}}],"inLanguage":"de"}]}},"_links":{"self":[{"href":"https:\/\/deltaopticalthinfilm.com\/de\/wp-json\/wp\/v2\/pages\/108262","targetHints":{"allow":["GET"]}}],"collection":[{"href":"https:\/\/deltaopticalthinfilm.com\/de\/wp-json\/wp\/v2\/pages"}],"about":[{"href":"https:\/\/deltaopticalthinfilm.com\/de\/wp-json\/wp\/v2\/types\/page"}],"author":[{"embeddable":true,"href":"https:\/\/deltaopticalthinfilm.com\/de\/wp-json\/wp\/v2\/users\/6"}],"replies":[{"embeddable":true,"href":"https:\/\/deltaopticalthinfilm.com\/de\/wp-json\/wp\/v2\/comments?post=108262"}],"version-history":[{"count":18,"href":"https:\/\/deltaopticalthinfilm.com\/de\/wp-json\/wp\/v2\/pages\/108262\/revisions"}],"predecessor-version":[{"id":108610,"href":"https:\/\/deltaopticalthinfilm.com\/de\/wp-json\/wp\/v2\/pages\/108262\/revisions\/108610"}],"up":[{"embeddable":true,"href":"https:\/\/deltaopticalthinfilm.com\/de\/wp-json\/wp\/v2\/pages\/108239"}],"wp:attachment":[{"href":"https:\/\/deltaopticalthinfilm.com\/de\/wp-json\/wp\/v2\/media?parent=108262"}],"curies":[{"name":"wp","href":"https:\/\/api.w.org\/{rel}","templated":true}]}}