{"id":108244,"date":"2023-09-20T12:35:04","date_gmt":"2023-09-20T10:35:04","guid":{"rendered":"https:\/\/deltaopticalthinfilm.com\/?page_id=108244"},"modified":"2024-10-29T14:48:36","modified_gmt":"2024-10-29T14:48:36","slug":"4g-kontinuierlich-variable-filter-und-xenon-blitzlampen","status":"publish","type":"page","link":"https:\/\/deltaopticalthinfilm.com\/de\/wissen\/technische-hinweise-und-artikel\/4g-kontinuierlich-variable-filter-und-xenon-blitzlampen\/","title":{"rendered":"4G kontinuierlich variable Filter und Xenon-Blitzlampen"},"content":{"rendered":"<div class=\"wpb-content-wrapper\"><p>[vc_row row_height_percent=&#8220;50&#8243; override_padding=&#8220;yes&#8220; h_padding=&#8220;2&#8243; top_padding=&#8220;3&#8243; bottom_padding=&#8220;3&#8243; back_image=&#8220;105934&#8243; back_position=&#8220;center center&#8220; kburns=&#8220;yes&#8220; overlay_alpha=&#8220;50&#8243; gutter_size=&#8220;3&#8243; column_width_percent=&#8220;100&#8243; shift_y=&#8220;0&#8243; z_index=&#8220;0&#8243; uncode_shortcode_id=&#8220;156657&#8243;][vc_column column_width_percent=&#8220;100&#8243; position_vertical=&#8220;bottom&#8220; gutter_size=&#8220;0&#8243; overlay_alpha=&#8220;50&#8243; shift_x=&#8220;0&#8243; shift_y=&#8220;0&#8243; shift_y_down=&#8220;0&#8243; z_index=&#8220;0&#8243; medium_width=&#8220;0&#8243; mobile_width=&#8220;0&#8243; width=&#8220;1\/1&#8243; uncode_shortcode_id=&#8220;151012&#8243;][vc_row_inner limit_content=&#8220;&#8220;][vc_column_inner width=&#8220;7\/12&#8243;][\/vc_column_inner][vc_column_inner column_width_percent=&#8220;100&#8243; gutter_size=&#8220;2&#8243; overlay_color=&#8220;color-134985&#8243; overlay_alpha=&#8220;95&#8243; shift_x=&#8220;0&#8243; shift_y=&#8220;0&#8243; shift_y_down=&#8220;-3&#8243; z_index=&#8220;0&#8243; medium_width=&#8220;0&#8243; mobile_width=&#8220;0&#8243; width=&#8220;5\/12&#8243; uncode_shortcode_id=&#8220;576498&#8243; overlay_color_type=&#8220;uncode-palette&#8220; css=&#8220;.vc_custom_1647350831457{padding-top: 50px !important;padding-right: 50px !important;padding-bottom: 50px !important;padding-left: 50px !important;}&#8220;][vc_custom_heading text_color=&#8220;color-204078&#8243; heading_semantic=&#8220;h3&#8243; text_size=&#8220;fontsize-957316&#8243; text_weight=&#8220;700&#8243; text_height=&#8220;fontheight-137524&#8243; uncode_shortcode_id=&#8220;233191&#8243; text_color_type=&#8220;uncode-palette&#8220;]Erfahren Sie wichtige Details \u00fcber die optimale Ausleuchtung Ihrer kontinuierlich variablen Filter mit einer Xenon-Blitzlampe[\/vc_custom_heading][\/vc_column_inner][\/vc_row_inner][\/vc_column][\/vc_row][vc_row row_height_percent=&#8220;0&#8243; override_padding=&#8220;yes&#8220; h_padding=&#8220;2&#8243; top_padding=&#8220;4&#8243; bottom_padding=&#8220;3&#8243; back_color=&#8220;color-434072&#8243; overlay_alpha=&#8220;50&#8243; gutter_size=&#8220;3&#8243; column_width_percent=&#8220;100&#8243; shift_y=&#8220;0&#8243; z_index=&#8220;0&#8243; uncode_shortcode_id=&#8220;159117&#8243; back_color_type=&#8220;uncode-palette&#8220;][vc_column column_width_use_pixel=&#8220;yes&#8220; position_horizontal=&#8220;left&#8220; gutter_size=&#8220;3&#8243; overlay_alpha=&#8220;50&#8243; shift_x=&#8220;0&#8243; shift_y=&#8220;0&#8243; shift_y_down=&#8220;0&#8243; z_index=&#8220;0&#8243; medium_width=&#8220;0&#8243; mobile_width=&#8220;0&#8243; width=&#8220;2\/3&#8243; uncode_shortcode_id=&#8220;105992&#8243;][vc_custom_heading text_color=&#8220;color-154399&#8243; heading_semantic=&#8220;h1&#8243; text_size=&#8220;h1&#8243; uncode_shortcode_id=&#8220;210213&#8243; text_color_type=&#8220;uncode-palette&#8220;]4G kontinuierlich variable Filter und Xenon-Blitzlampen[\/vc_custom_heading][vc_column_text uncode_shortcode_id=&#8220;104976&#8243;]Bei der Verwendung von kontinuierlich variablen Filtern in Ihrem optischen System ist es wichtig zu ber\u00fccksichtigen, wie der Filter beleuchtet wird. In diesem Whitepaper analysieren wir die Situation, in der das Licht von einer Xenon-Blitzlampe ausgeht und der Filter der Typ 4G der kontinuierlich variablen Filter von Delta Optical Thin Film ist, und geben Empfehlungen f\u00fcr diesen Fall. Wichtige Merkmale der Lichtquelle sind das Emissionsprofil der Xenon-Blitzlampe und das verwendete Linsensystem. Diese werden durch Schl\u00fcsselparameter wie \u00d6ffnungswinkel, Apertur und Zoomfaktor beschrieben. In dem Whitepaper wird gezeigt, wie Filterparameter wie die zentrale Wellenl\u00e4nge und das Filterprofil von der Gr\u00f6\u00dfe des Strahldurchmessers und dem \u00d6ffnungswinkel der Lichtquelle abh\u00e4ngen.<\/p>\n<p>[\/vc_column_text][vc_button border_width=&#8220;0&#8243; link=&#8220;url:https%3A%2F%2Fdeltaopticalthinfilm.com%2Fwp-content%2Fuploads%2F2022%2F03%2FTech-Note-4G-Continuously-Variable-Filters-and-Xenon-flash-lamps.pdf|target:_blank&#8220; uncode_shortcode_id=&#8220;187109&#8243;]Lesen Sie das Whitepaper[\/vc_button][\/vc_column][vc_column column_width_percent=&#8220;100&#8243; gutter_size=&#8220;3&#8243; overlay_alpha=&#8220;50&#8243; shift_x=&#8220;0&#8243; shift_y=&#8220;0&#8243; shift_y_down=&#8220;0&#8243; z_index=&#8220;0&#8243; medium_width=&#8220;0&#8243; mobile_width=&#8220;0&#8243; width=&#8220;1\/3&#8243; uncode_shortcode_id=&#8220;711304&#8243; css=&#8220;.vc_custom_1678876140640{padding-top: 30px !important;padding-right: 30px !important;padding-bottom: 30px !important;padding-left: 30px !important;}&#8220;][vc_empty_space empty_h=&#8220;3&#8243;][vc_icon display=&#8220;inline&#8220; icon_image=&#8220;106697&#8243; media_size=&#8220;80px&#8220; text_lead=&#8220;small&#8220; uncode_shortcode_id=&#8220;136528&#8243; link=&#8220;url:https%3A%2F%2Fdeltaopticalthinfilm.com%2Fwp-content%2Fuploads%2F2022%2F03%2FTech-Note-4G-Continuously-Variable-Filters-and-Xenon-flash-lamps.pdf|target:_blank&#8220;]<em>Dieses Whitepaper herunterladen<\/em>[\/vc_icon][\/vc_column][\/vc_row][vc_row][vc_column width=&#8220;1\/1&#8243;][uncode_block id=&#8220;106699&#8243;][\/vc_column][\/vc_row]<\/p>\n<\/div>","protected":false},"excerpt":{"rendered":"<p>[vc_row row_height_percent=&#8220;50&#8243; override_padding=&#8220;yes&#8220; h_padding=&#8220;2&#8243; top_padding=&#8220;3&#8243; bottom_padding=&#8220;3&#8243; back_image=&#8220;105934&#8243; back_position=&#8220;center center&#8220; kburns=&#8220;yes&#8220; overlay_alpha=&#8220;50&#8243; gutter_size=&#8220;3&#8243; column_width_percent=&#8220;100&#8243; shift_y=&#8220;0&#8243; z_index=&#8220;0&#8243; uncode_shortcode_id=&#8220;156657&#8243;][vc_column column_width_percent=&#8220;100&#8243; position_vertical=&#8220;bottom&#8220; gutter_size=&#8220;0&#8243; overlay_alpha=&#8220;50&#8243; [&hellip;]<\/p>\n","protected":false},"author":6,"featured_media":0,"parent":108239,"menu_order":0,"comment_status":"closed","ping_status":"closed","template":"","meta":{"_acf_changed":false,"footnotes":""},"class_list":["post-108244","page","type-page","status-publish","hentry"],"acf":[],"yoast_head":"<!-- This site is optimized with the Yoast SEO plugin v27.4 - https:\/\/yoast.com\/product\/yoast-seo-wordpress\/ -->\n<title>4G kontinuierlich variable Filter und Xenon-Blitzlampen - Delta Optical Thin Film<\/title>\n<meta name=\"robots\" content=\"index, follow, max-snippet:-1, max-image-preview:large, max-video-preview:-1\" \/>\n<link rel=\"canonical\" href=\"https:\/\/deltaopticalthinfilm.com\/de\/wissen\/technische-hinweise-und-artikel\/4g-kontinuierlich-variable-filter-und-xenon-blitzlampen\/\" \/>\n<meta property=\"og:locale\" content=\"de_DE\" \/>\n<meta property=\"og:type\" content=\"article\" \/>\n<meta property=\"og:title\" content=\"4G kontinuierlich variable Filter und Xenon-Blitzlampen - Delta Optical Thin Film\" \/>\n<meta property=\"og:description\" content=\"[vc_row row_height_percent=&#8220;50&#8243; override_padding=&#8220;yes&#8220; h_padding=&#8220;2&#8243; top_padding=&#8220;3&#8243; bottom_padding=&#8220;3&#8243; back_image=&#8220;105934&#8243; back_position=&#8220;center center&#8220; kburns=&#8220;yes&#8220; overlay_alpha=&#8220;50&#8243; gutter_size=&#8220;3&#8243; column_width_percent=&#8220;100&#8243; shift_y=&#8220;0&#8243; z_index=&#8220;0&#8243; uncode_shortcode_id=&#8220;156657&#8243;][vc_column column_width_percent=&#8220;100&#8243; position_vertical=&#8220;bottom&#8220; gutter_size=&#8220;0&#8243; overlay_alpha=&#8220;50&#8243; [&hellip;]\" \/>\n<meta property=\"og:url\" content=\"https:\/\/deltaopticalthinfilm.com\/de\/wissen\/technische-hinweise-und-artikel\/4g-kontinuierlich-variable-filter-und-xenon-blitzlampen\/\" \/>\n<meta property=\"og:site_name\" content=\"Delta Optical Thin Film\" \/>\n<meta property=\"article:modified_time\" content=\"2024-10-29T14:48:36+00:00\" \/>\n<meta name=\"twitter:card\" content=\"summary_large_image\" \/>\n<meta name=\"twitter:label1\" content=\"Gesch\u00e4tzte Lesezeit\" \/>\n\t<meta name=\"twitter:data1\" content=\"2\u00a0Minuten\" \/>\n<script type=\"application\/ld+json\" class=\"yoast-schema-graph\">{\"@context\":\"https:\\\/\\\/schema.org\",\"@graph\":[{\"@type\":\"WebPage\",\"@id\":\"https:\\\/\\\/deltaopticalthinfilm.com\\\/de\\\/wissen\\\/technische-hinweise-und-artikel\\\/4g-kontinuierlich-variable-filter-und-xenon-blitzlampen\\\/\",\"url\":\"https:\\\/\\\/deltaopticalthinfilm.com\\\/de\\\/wissen\\\/technische-hinweise-und-artikel\\\/4g-kontinuierlich-variable-filter-und-xenon-blitzlampen\\\/\",\"name\":\"4G kontinuierlich variable Filter und Xenon-Blitzlampen - Delta Optical Thin Film\",\"isPartOf\":{\"@id\":\"https:\\\/\\\/deltaopticalthinfilm.com\\\/de\\\/#website\"},\"datePublished\":\"2023-09-20T10:35:04+00:00\",\"dateModified\":\"2024-10-29T14:48:36+00:00\",\"breadcrumb\":{\"@id\":\"https:\\\/\\\/deltaopticalthinfilm.com\\\/de\\\/wissen\\\/technische-hinweise-und-artikel\\\/4g-kontinuierlich-variable-filter-und-xenon-blitzlampen\\\/#breadcrumb\"},\"inLanguage\":\"de\",\"potentialAction\":[{\"@type\":\"ReadAction\",\"target\":[\"https:\\\/\\\/deltaopticalthinfilm.com\\\/de\\\/wissen\\\/technische-hinweise-und-artikel\\\/4g-kontinuierlich-variable-filter-und-xenon-blitzlampen\\\/\"]}]},{\"@type\":\"BreadcrumbList\",\"@id\":\"https:\\\/\\\/deltaopticalthinfilm.com\\\/de\\\/wissen\\\/technische-hinweise-und-artikel\\\/4g-kontinuierlich-variable-filter-und-xenon-blitzlampen\\\/#breadcrumb\",\"itemListElement\":[{\"@type\":\"ListItem\",\"position\":1,\"name\":\"Hjem\",\"item\":\"https:\\\/\\\/deltaopticalthinfilm.com\\\/de\\\/home-new\\\/\"},{\"@type\":\"ListItem\",\"position\":2,\"name\":\"Wissen\",\"item\":\"https:\\\/\\\/deltaopticalthinfilm.com\\\/de\\\/wissen\\\/\"},{\"@type\":\"ListItem\",\"position\":3,\"name\":\"Technische Hinweise und Artikel\",\"item\":\"https:\\\/\\\/deltaopticalthinfilm.com\\\/de\\\/wissen\\\/technische-hinweise-und-artikel\\\/\"},{\"@type\":\"ListItem\",\"position\":4,\"name\":\"4G kontinuierlich variable Filter und Xenon-Blitzlampen\"}]},{\"@type\":\"WebSite\",\"@id\":\"https:\\\/\\\/deltaopticalthinfilm.com\\\/de\\\/#website\",\"url\":\"https:\\\/\\\/deltaopticalthinfilm.com\\\/de\\\/\",\"name\":\"Delta Optical Thin Film\",\"description\":\"We are the Optical Filter company\",\"potentialAction\":[{\"@type\":\"SearchAction\",\"target\":{\"@type\":\"EntryPoint\",\"urlTemplate\":\"https:\\\/\\\/deltaopticalthinfilm.com\\\/de\\\/?s={search_term_string}\"},\"query-input\":{\"@type\":\"PropertyValueSpecification\",\"valueRequired\":true,\"valueName\":\"search_term_string\"}}],\"inLanguage\":\"de\"}]}<\/script>\n<!-- \/ Yoast SEO plugin. -->","yoast_head_json":{"title":"4G kontinuierlich variable Filter und Xenon-Blitzlampen - Delta Optical Thin Film","robots":{"index":"index","follow":"follow","max-snippet":"max-snippet:-1","max-image-preview":"max-image-preview:large","max-video-preview":"max-video-preview:-1"},"canonical":"https:\/\/deltaopticalthinfilm.com\/de\/wissen\/technische-hinweise-und-artikel\/4g-kontinuierlich-variable-filter-und-xenon-blitzlampen\/","og_locale":"de_DE","og_type":"article","og_title":"4G kontinuierlich variable Filter und Xenon-Blitzlampen - Delta Optical Thin Film","og_description":"[vc_row row_height_percent=&#8220;50&#8243; override_padding=&#8220;yes&#8220; h_padding=&#8220;2&#8243; top_padding=&#8220;3&#8243; bottom_padding=&#8220;3&#8243; back_image=&#8220;105934&#8243; back_position=&#8220;center center&#8220; kburns=&#8220;yes&#8220; overlay_alpha=&#8220;50&#8243; gutter_size=&#8220;3&#8243; column_width_percent=&#8220;100&#8243; shift_y=&#8220;0&#8243; z_index=&#8220;0&#8243; uncode_shortcode_id=&#8220;156657&#8243;][vc_column column_width_percent=&#8220;100&#8243; position_vertical=&#8220;bottom&#8220; gutter_size=&#8220;0&#8243; overlay_alpha=&#8220;50&#8243; [&hellip;]","og_url":"https:\/\/deltaopticalthinfilm.com\/de\/wissen\/technische-hinweise-und-artikel\/4g-kontinuierlich-variable-filter-und-xenon-blitzlampen\/","og_site_name":"Delta Optical Thin Film","article_modified_time":"2024-10-29T14:48:36+00:00","twitter_card":"summary_large_image","twitter_misc":{"Gesch\u00e4tzte Lesezeit":"2\u00a0Minuten"},"schema":{"@context":"https:\/\/schema.org","@graph":[{"@type":"WebPage","@id":"https:\/\/deltaopticalthinfilm.com\/de\/wissen\/technische-hinweise-und-artikel\/4g-kontinuierlich-variable-filter-und-xenon-blitzlampen\/","url":"https:\/\/deltaopticalthinfilm.com\/de\/wissen\/technische-hinweise-und-artikel\/4g-kontinuierlich-variable-filter-und-xenon-blitzlampen\/","name":"4G kontinuierlich variable Filter und Xenon-Blitzlampen - Delta Optical Thin Film","isPartOf":{"@id":"https:\/\/deltaopticalthinfilm.com\/de\/#website"},"datePublished":"2023-09-20T10:35:04+00:00","dateModified":"2024-10-29T14:48:36+00:00","breadcrumb":{"@id":"https:\/\/deltaopticalthinfilm.com\/de\/wissen\/technische-hinweise-und-artikel\/4g-kontinuierlich-variable-filter-und-xenon-blitzlampen\/#breadcrumb"},"inLanguage":"de","potentialAction":[{"@type":"ReadAction","target":["https:\/\/deltaopticalthinfilm.com\/de\/wissen\/technische-hinweise-und-artikel\/4g-kontinuierlich-variable-filter-und-xenon-blitzlampen\/"]}]},{"@type":"BreadcrumbList","@id":"https:\/\/deltaopticalthinfilm.com\/de\/wissen\/technische-hinweise-und-artikel\/4g-kontinuierlich-variable-filter-und-xenon-blitzlampen\/#breadcrumb","itemListElement":[{"@type":"ListItem","position":1,"name":"Hjem","item":"https:\/\/deltaopticalthinfilm.com\/de\/home-new\/"},{"@type":"ListItem","position":2,"name":"Wissen","item":"https:\/\/deltaopticalthinfilm.com\/de\/wissen\/"},{"@type":"ListItem","position":3,"name":"Technische Hinweise und Artikel","item":"https:\/\/deltaopticalthinfilm.com\/de\/wissen\/technische-hinweise-und-artikel\/"},{"@type":"ListItem","position":4,"name":"4G kontinuierlich variable Filter und Xenon-Blitzlampen"}]},{"@type":"WebSite","@id":"https:\/\/deltaopticalthinfilm.com\/de\/#website","url":"https:\/\/deltaopticalthinfilm.com\/de\/","name":"Delta Optical Thin Film","description":"We are the Optical Filter company","potentialAction":[{"@type":"SearchAction","target":{"@type":"EntryPoint","urlTemplate":"https:\/\/deltaopticalthinfilm.com\/de\/?s={search_term_string}"},"query-input":{"@type":"PropertyValueSpecification","valueRequired":true,"valueName":"search_term_string"}}],"inLanguage":"de"}]}},"_links":{"self":[{"href":"https:\/\/deltaopticalthinfilm.com\/de\/wp-json\/wp\/v2\/pages\/108244","targetHints":{"allow":["GET"]}}],"collection":[{"href":"https:\/\/deltaopticalthinfilm.com\/de\/wp-json\/wp\/v2\/pages"}],"about":[{"href":"https:\/\/deltaopticalthinfilm.com\/de\/wp-json\/wp\/v2\/types\/page"}],"author":[{"embeddable":true,"href":"https:\/\/deltaopticalthinfilm.com\/de\/wp-json\/wp\/v2\/users\/6"}],"replies":[{"embeddable":true,"href":"https:\/\/deltaopticalthinfilm.com\/de\/wp-json\/wp\/v2\/comments?post=108244"}],"version-history":[{"count":1,"href":"https:\/\/deltaopticalthinfilm.com\/de\/wp-json\/wp\/v2\/pages\/108244\/revisions"}],"predecessor-version":[{"id":108245,"href":"https:\/\/deltaopticalthinfilm.com\/de\/wp-json\/wp\/v2\/pages\/108244\/revisions\/108245"}],"up":[{"embeddable":true,"href":"https:\/\/deltaopticalthinfilm.com\/de\/wp-json\/wp\/v2\/pages\/108239"}],"wp:attachment":[{"href":"https:\/\/deltaopticalthinfilm.com\/de\/wp-json\/wp\/v2\/media?parent=108244"}],"curies":[{"name":"wp","href":"https:\/\/api.w.org\/{rel}","templated":true}]}}