{"id":108112,"date":"2022-02-10T09:04:02","date_gmt":"2022-02-10T09:04:02","guid":{"rendered":"https:\/\/deltaopticalthinfilm.com\/ueber-uns\/job-offers\/"},"modified":"2024-11-06T19:59:49","modified_gmt":"2024-11-06T19:59:49","slug":"job-offers","status":"publish","type":"page","link":"https:\/\/deltaopticalthinfilm.com\/de\/ueber-uns\/job-offers\/","title":{"rendered":"Jobangebote"},"content":{"rendered":"<div class=\"wpb-content-wrapper\"><p>[vc_row row_height_percent=&#8220;50&#8243; override_padding=&#8220;yes&#8220; h_padding=&#8220;2&#8243; top_padding=&#8220;3&#8243; bottom_padding=&#8220;3&#8243; back_image=&#8220;105728&#8243; back_position=&#8220;center center&#8220; kburns=&#8220;yes&#8220; overlay_alpha=&#8220;50&#8243; gutter_size=&#8220;3&#8243; column_width_percent=&#8220;100&#8243; shift_y=&#8220;0&#8243; z_index=&#8220;0&#8243; uncode_shortcode_id=&#8220;134342&#8243;][vc_column column_width_percent=&#8220;100&#8243; position_vertical=&#8220;bottom&#8220; gutter_size=&#8220;0&#8243; overlay_alpha=&#8220;50&#8243; shift_x=&#8220;0&#8243; shift_y=&#8220;0&#8243; shift_y_down=&#8220;0&#8243; z_index=&#8220;0&#8243; medium_width=&#8220;0&#8243; mobile_width=&#8220;0&#8243; width=&#8220;1\/1&#8243; uncode_shortcode_id=&#8220;151012&#8243;][vc_row_inner limit_content=&#8220;&#8220;][vc_column_inner width=&#8220;7\/12&#8243;][\/vc_column_inner][vc_column_inner column_width_percent=&#8220;100&#8243; gutter_size=&#8220;2&#8243; overlay_color=&#8220;color-134985&#8243; overlay_alpha=&#8220;95&#8243; shift_x=&#8220;0&#8243; shift_y=&#8220;0&#8243; shift_y_down=&#8220;-3&#8243; z_index=&#8220;0&#8243; medium_width=&#8220;0&#8243; mobile_width=&#8220;0&#8243; width=&#8220;5\/12&#8243; uncode_shortcode_id=&#8220;576498&#8243; overlay_color_type=&#8220;uncode-palette&#8220; css=&#8220;.vc_custom_1647350831457{padding-top: 50px !important;padding-right: 50px !important;padding-bottom: 50px !important;padding-left: 50px !important;}&#8220;][vc_custom_heading text_color=&#8220;color-xsdn&#8220; heading_semantic=&#8220;h4&#8243; text_size=&#8220;h6&#8243; text_weight=&#8220;700&#8243; text_transform=&#8220;uppercase&#8220; uncode_shortcode_id=&#8220;994386&#8243; text_color_type=&#8220;uncode-palette&#8220;]Unsere Werte[\/vc_custom_heading][vc_custom_heading text_color=&#8220;color-204078&#8243; heading_semantic=&#8220;h3&#8243; text_size=&#8220;fontsize-957316&#8243; text_weight=&#8220;700&#8243; text_height=&#8220;fontheight-137524&#8243; uncode_shortcode_id=&#8220;125571&#8243; text_color_type=&#8220;uncode-palette&#8220;]Das Verst\u00e4ndnis f\u00fcr die Aufgaben jedes Einzelnen im Unternehmen und f\u00fcr die pers\u00f6nliche Situation und die Beweggr\u00fcnde unserer Mitarbeiter ist f\u00fcr unseren Erfolg von gr\u00f6\u00dfter Bedeutung.[\/vc_custom_heading][\/vc_column_inner][\/vc_row_inner][\/vc_column][\/vc_row][vc_row row_height_percent=&#8220;0&#8243; override_padding=&#8220;yes&#8220; h_padding=&#8220;2&#8243; top_padding=&#8220;4&#8243; bottom_padding=&#8220;3&#8243; overlay_alpha=&#8220;50&#8243; gutter_size=&#8220;3&#8243; column_width_percent=&#8220;100&#8243; shift_y=&#8220;0&#8243; z_index=&#8220;0&#8243; uncode_shortcode_id=&#8220;326900&#8243;][vc_column column_width_use_pixel=&#8220;yes&#8220; position_horizontal=&#8220;left&#8220; gutter_size=&#8220;3&#8243; overlay_alpha=&#8220;50&#8243; shift_x=&#8220;0&#8243; shift_y=&#8220;0&#8243; shift_y_down=&#8220;0&#8243; z_index=&#8220;0&#8243; medium_width=&#8220;0&#8243; mobile_width=&#8220;0&#8243; width=&#8220;2\/3&#8243; uncode_shortcode_id=&#8220;105992&#8243;][vc_custom_heading heading_semantic=&#8220;h1&#8243; text_size=&#8220;h1&#8243; uncode_shortcode_id=&#8220;208070&#8243;]Jobangebote[\/vc_custom_heading][vc_column_text text_color=&#8220;color-154399&#8243; uncode_shortcode_id=&#8220;154993&#8243; text_color_type=&#8220;uncode-palette&#8220;]Zurzeit haben wir keine freien Stellen. Initiativbewerbungen k\u00f6nnen Sie gerne an <a href=\"mailto:hr@deltaopticalthinfilm.com\">hr@deltaopticalthinfilm.com<\/a> schicken.[\/vc_column_text][vc_empty_space empty_h=&#8220;5&#8243;][\/vc_column][vc_column width=&#8220;1\/3&#8243;][\/vc_column][\/vc_row][vc_row unlock_row_content=&#8220;yes&#8220; row_height_percent=&#8220;0&#8243; overlay_alpha=&#8220;50&#8243; gutter_size=&#8220;3&#8243; column_width_percent=&#8220;100&#8243; shift_y=&#8220;0&#8243; z_index=&#8220;0&#8243; uncode_shortcode_id=&#8220;140111&#8243;][vc_column width=&#8220;1\/1&#8243;][uncode_block id=&#8220;364&#8243;][\/vc_column][\/vc_row]<\/p>\n<\/div>","protected":false},"excerpt":{"rendered":"<p>[vc_row row_height_percent=&#8220;50&#8243; override_padding=&#8220;yes&#8220; h_padding=&#8220;2&#8243; top_padding=&#8220;3&#8243; bottom_padding=&#8220;3&#8243; back_image=&#8220;105728&#8243; back_position=&#8220;center center&#8220; kburns=&#8220;yes&#8220; overlay_alpha=&#8220;50&#8243; gutter_size=&#8220;3&#8243; column_width_percent=&#8220;100&#8243; shift_y=&#8220;0&#8243; z_index=&#8220;0&#8243; uncode_shortcode_id=&#8220;134342&#8243;][vc_column column_width_percent=&#8220;100&#8243; position_vertical=&#8220;bottom&#8220; gutter_size=&#8220;0&#8243; overlay_alpha=&#8220;50&#8243; [&hellip;]<\/p>\n","protected":false},"author":2,"featured_media":0,"parent":108109,"menu_order":0,"comment_status":"closed","ping_status":"closed","template":"","meta":{"_acf_changed":false,"footnotes":""},"class_list":["post-108112","page","type-page","status-publish","hentry"],"acf":[],"yoast_head":"<!-- This site is optimized with the Yoast SEO plugin v27.5 - https:\/\/yoast.com\/product\/yoast-seo-wordpress\/ -->\n<title>Jobangebote - Delta Optical Thin Film<\/title>\n<meta name=\"robots\" content=\"index, follow, max-snippet:-1, max-image-preview:large, max-video-preview:-1\" \/>\n<link rel=\"canonical\" href=\"https:\/\/deltaopticalthinfilm.com\/de\/ueber-uns\/job-offers\/\" \/>\n<meta property=\"og:locale\" content=\"de_DE\" \/>\n<meta property=\"og:type\" content=\"article\" \/>\n<meta property=\"og:title\" content=\"Jobangebote - Delta Optical Thin Film\" \/>\n<meta property=\"og:description\" content=\"[vc_row row_height_percent=&#8220;50&#8243; override_padding=&#8220;yes&#8220; h_padding=&#8220;2&#8243; top_padding=&#8220;3&#8243; bottom_padding=&#8220;3&#8243; back_image=&#8220;105728&#8243; back_position=&#8220;center center&#8220; kburns=&#8220;yes&#8220; overlay_alpha=&#8220;50&#8243; gutter_size=&#8220;3&#8243; column_width_percent=&#8220;100&#8243; shift_y=&#8220;0&#8243; z_index=&#8220;0&#8243; uncode_shortcode_id=&#8220;134342&#8243;][vc_column column_width_percent=&#8220;100&#8243; position_vertical=&#8220;bottom&#8220; gutter_size=&#8220;0&#8243; overlay_alpha=&#8220;50&#8243; [&hellip;]\" \/>\n<meta property=\"og:url\" content=\"https:\/\/deltaopticalthinfilm.com\/de\/ueber-uns\/job-offers\/\" \/>\n<meta property=\"og:site_name\" content=\"Delta Optical Thin Film\" \/>\n<meta property=\"article:modified_time\" content=\"2024-11-06T19:59:49+00:00\" \/>\n<meta name=\"twitter:card\" content=\"summary_large_image\" \/>\n<meta name=\"twitter:label1\" content=\"Gesch\u00e4tzte Lesezeit\" \/>\n\t<meta name=\"twitter:data1\" content=\"1\u00a0Minute\" \/>\n<script type=\"application\/ld+json\" class=\"yoast-schema-graph\">{\"@context\":\"https:\\\/\\\/schema.org\",\"@graph\":[{\"@type\":\"WebPage\",\"@id\":\"https:\\\/\\\/deltaopticalthinfilm.com\\\/de\\\/ueber-uns\\\/job-offers\\\/\",\"url\":\"https:\\\/\\\/deltaopticalthinfilm.com\\\/de\\\/ueber-uns\\\/job-offers\\\/\",\"name\":\"Jobangebote - Delta Optical Thin Film\",\"isPartOf\":{\"@id\":\"https:\\\/\\\/deltaopticalthinfilm.com\\\/de\\\/#website\"},\"datePublished\":\"2022-02-10T09:04:02+00:00\",\"dateModified\":\"2024-11-06T19:59:49+00:00\",\"breadcrumb\":{\"@id\":\"https:\\\/\\\/deltaopticalthinfilm.com\\\/de\\\/ueber-uns\\\/job-offers\\\/#breadcrumb\"},\"inLanguage\":\"de\",\"potentialAction\":[{\"@type\":\"ReadAction\",\"target\":[\"https:\\\/\\\/deltaopticalthinfilm.com\\\/de\\\/ueber-uns\\\/job-offers\\\/\"]}]},{\"@type\":\"BreadcrumbList\",\"@id\":\"https:\\\/\\\/deltaopticalthinfilm.com\\\/de\\\/ueber-uns\\\/job-offers\\\/#breadcrumb\",\"itemListElement\":[{\"@type\":\"ListItem\",\"position\":1,\"name\":\"Hjem\",\"item\":\"https:\\\/\\\/deltaopticalthinfilm.com\\\/de\\\/home-new\\\/\"},{\"@type\":\"ListItem\",\"position\":2,\"name\":\"\u00dcber uns\",\"item\":\"https:\\\/\\\/deltaopticalthinfilm.com\\\/de\\\/ueber-uns\\\/\"},{\"@type\":\"ListItem\",\"position\":3,\"name\":\"Jobangebote\"}]},{\"@type\":\"WebSite\",\"@id\":\"https:\\\/\\\/deltaopticalthinfilm.com\\\/de\\\/#website\",\"url\":\"https:\\\/\\\/deltaopticalthinfilm.com\\\/de\\\/\",\"name\":\"Delta Optical Thin Film\",\"description\":\"We are the Optical Filter company\",\"potentialAction\":[{\"@type\":\"SearchAction\",\"target\":{\"@type\":\"EntryPoint\",\"urlTemplate\":\"https:\\\/\\\/deltaopticalthinfilm.com\\\/de\\\/?s={search_term_string}\"},\"query-input\":{\"@type\":\"PropertyValueSpecification\",\"valueRequired\":true,\"valueName\":\"search_term_string\"}}],\"inLanguage\":\"de\"}]}<\/script>\n<!-- \/ Yoast SEO plugin. -->","yoast_head_json":{"title":"Jobangebote - Delta Optical Thin Film","robots":{"index":"index","follow":"follow","max-snippet":"max-snippet:-1","max-image-preview":"max-image-preview:large","max-video-preview":"max-video-preview:-1"},"canonical":"https:\/\/deltaopticalthinfilm.com\/de\/ueber-uns\/job-offers\/","og_locale":"de_DE","og_type":"article","og_title":"Jobangebote - Delta Optical Thin Film","og_description":"[vc_row row_height_percent=&#8220;50&#8243; override_padding=&#8220;yes&#8220; h_padding=&#8220;2&#8243; top_padding=&#8220;3&#8243; bottom_padding=&#8220;3&#8243; back_image=&#8220;105728&#8243; back_position=&#8220;center center&#8220; kburns=&#8220;yes&#8220; overlay_alpha=&#8220;50&#8243; gutter_size=&#8220;3&#8243; column_width_percent=&#8220;100&#8243; shift_y=&#8220;0&#8243; z_index=&#8220;0&#8243; uncode_shortcode_id=&#8220;134342&#8243;][vc_column column_width_percent=&#8220;100&#8243; position_vertical=&#8220;bottom&#8220; gutter_size=&#8220;0&#8243; overlay_alpha=&#8220;50&#8243; [&hellip;]","og_url":"https:\/\/deltaopticalthinfilm.com\/de\/ueber-uns\/job-offers\/","og_site_name":"Delta Optical Thin Film","article_modified_time":"2024-11-06T19:59:49+00:00","twitter_card":"summary_large_image","twitter_misc":{"Gesch\u00e4tzte Lesezeit":"1\u00a0Minute"},"schema":{"@context":"https:\/\/schema.org","@graph":[{"@type":"WebPage","@id":"https:\/\/deltaopticalthinfilm.com\/de\/ueber-uns\/job-offers\/","url":"https:\/\/deltaopticalthinfilm.com\/de\/ueber-uns\/job-offers\/","name":"Jobangebote - Delta Optical Thin Film","isPartOf":{"@id":"https:\/\/deltaopticalthinfilm.com\/de\/#website"},"datePublished":"2022-02-10T09:04:02+00:00","dateModified":"2024-11-06T19:59:49+00:00","breadcrumb":{"@id":"https:\/\/deltaopticalthinfilm.com\/de\/ueber-uns\/job-offers\/#breadcrumb"},"inLanguage":"de","potentialAction":[{"@type":"ReadAction","target":["https:\/\/deltaopticalthinfilm.com\/de\/ueber-uns\/job-offers\/"]}]},{"@type":"BreadcrumbList","@id":"https:\/\/deltaopticalthinfilm.com\/de\/ueber-uns\/job-offers\/#breadcrumb","itemListElement":[{"@type":"ListItem","position":1,"name":"Hjem","item":"https:\/\/deltaopticalthinfilm.com\/de\/home-new\/"},{"@type":"ListItem","position":2,"name":"\u00dcber uns","item":"https:\/\/deltaopticalthinfilm.com\/de\/ueber-uns\/"},{"@type":"ListItem","position":3,"name":"Jobangebote"}]},{"@type":"WebSite","@id":"https:\/\/deltaopticalthinfilm.com\/de\/#website","url":"https:\/\/deltaopticalthinfilm.com\/de\/","name":"Delta Optical Thin Film","description":"We are the Optical Filter company","potentialAction":[{"@type":"SearchAction","target":{"@type":"EntryPoint","urlTemplate":"https:\/\/deltaopticalthinfilm.com\/de\/?s={search_term_string}"},"query-input":{"@type":"PropertyValueSpecification","valueRequired":true,"valueName":"search_term_string"}}],"inLanguage":"de"}]}},"_links":{"self":[{"href":"https:\/\/deltaopticalthinfilm.com\/de\/wp-json\/wp\/v2\/pages\/108112","targetHints":{"allow":["GET"]}}],"collection":[{"href":"https:\/\/deltaopticalthinfilm.com\/de\/wp-json\/wp\/v2\/pages"}],"about":[{"href":"https:\/\/deltaopticalthinfilm.com\/de\/wp-json\/wp\/v2\/types\/page"}],"author":[{"embeddable":true,"href":"https:\/\/deltaopticalthinfilm.com\/de\/wp-json\/wp\/v2\/users\/2"}],"replies":[{"embeddable":true,"href":"https:\/\/deltaopticalthinfilm.com\/de\/wp-json\/wp\/v2\/comments?post=108112"}],"version-history":[{"count":3,"href":"https:\/\/deltaopticalthinfilm.com\/de\/wp-json\/wp\/v2\/pages\/108112\/revisions"}],"predecessor-version":[{"id":108448,"href":"https:\/\/deltaopticalthinfilm.com\/de\/wp-json\/wp\/v2\/pages\/108112\/revisions\/108448"}],"up":[{"embeddable":true,"href":"https:\/\/deltaopticalthinfilm.com\/de\/wp-json\/wp\/v2\/pages\/108109"}],"wp:attachment":[{"href":"https:\/\/deltaopticalthinfilm.com\/de\/wp-json\/wp\/v2\/media?parent=108112"}],"curies":[{"name":"wp","href":"https:\/\/api.w.org\/{rel}","templated":true}]}}