{"id":108109,"date":"2022-02-10T09:02:44","date_gmt":"2022-02-10T09:02:44","guid":{"rendered":"https:\/\/deltaopticalthinfilm.com\/?page_id=108109"},"modified":"2024-10-31T14:28:01","modified_gmt":"2024-10-31T14:28:01","slug":"ueber-uns","status":"publish","type":"page","link":"https:\/\/deltaopticalthinfilm.com\/de\/ueber-uns\/","title":{"rendered":"\u00dcber uns"},"content":{"rendered":"<div class=\"wpb-content-wrapper\"><p>[vc_row row_height_percent=&#8220;50&#8243; override_padding=&#8220;yes&#8220; h_padding=&#8220;2&#8243; top_padding=&#8220;3&#8243; bottom_padding=&#8220;3&#8243; back_image=&#8220;105709&#8243; kburns=&#8220;yes&#8220; overlay_alpha=&#8220;50&#8243; gutter_size=&#8220;3&#8243; column_width_percent=&#8220;100&#8243; shift_y=&#8220;0&#8243; z_index=&#8220;0&#8243; uncode_shortcode_id=&#8220;109609&#8243;][vc_column column_width_percent=&#8220;100&#8243; position_vertical=&#8220;bottom&#8220; gutter_size=&#8220;0&#8243; overlay_alpha=&#8220;50&#8243; shift_x=&#8220;0&#8243; shift_y=&#8220;0&#8243; shift_y_down=&#8220;0&#8243; z_index=&#8220;0&#8243; medium_width=&#8220;0&#8243; mobile_width=&#8220;0&#8243; width=&#8220;1\/1&#8243; uncode_shortcode_id=&#8220;151012&#8243;][vc_row_inner limit_content=&#8220;&#8220;][vc_column_inner width=&#8220;7\/12&#8243;][\/vc_column_inner][vc_column_inner column_width_percent=&#8220;100&#8243; gutter_size=&#8220;2&#8243; overlay_color=&#8220;color-134985&#8243; overlay_alpha=&#8220;95&#8243; shift_x=&#8220;0&#8243; shift_y=&#8220;0&#8243; shift_y_down=&#8220;-3&#8243; z_index=&#8220;0&#8243; medium_width=&#8220;0&#8243; mobile_width=&#8220;0&#8243; width=&#8220;5\/12&#8243; uncode_shortcode_id=&#8220;576498&#8243; overlay_color_type=&#8220;uncode-palette&#8220; css=&#8220;.vc_custom_1647350831457{padding-top: 50px !important;padding-right: 50px !important;padding-bottom: 50px !important;padding-left: 50px !important;}&#8220;][vc_custom_heading text_color=&#8220;color-xsdn&#8220; heading_semantic=&#8220;h4&#8243; text_size=&#8220;h6&#8243; text_weight=&#8220;700&#8243; text_transform=&#8220;uppercase&#8220; uncode_shortcode_id=&#8220;214405&#8243; text_color_type=&#8220;uncode-palette&#8220;]Unsere Unternehmensvision[\/vc_custom_heading][vc_custom_heading text_color=&#8220;color-204078&#8243; heading_semantic=&#8220;h3&#8243; text_size=&#8220;fontsize-957316&#8243; text_weight=&#8220;700&#8243; text_height=&#8220;fontheight-137524&#8243; uncode_shortcode_id=&#8220;195739&#8243; text_color_type=&#8220;uncode-palette&#8220;]Um unser aller Lebensqualit\u00e4t zu verbessern, beliefern wir unsere OEM-Kunden mit innovativen optischen Filtern[\/vc_custom_heading][\/vc_column_inner][\/vc_row_inner][\/vc_column][\/vc_row][vc_row row_height_percent=&#8220;0&#8243; override_padding=&#8220;yes&#8220; h_padding=&#8220;2&#8243; top_padding=&#8220;4&#8243; bottom_padding=&#8220;3&#8243; overlay_alpha=&#8220;50&#8243; gutter_size=&#8220;3&#8243; column_width_percent=&#8220;100&#8243; shift_y=&#8220;0&#8243; z_index=&#8220;0&#8243; uncode_shortcode_id=&#8220;326900&#8243;][vc_column column_width_use_pixel=&#8220;yes&#8220; position_horizontal=&#8220;left&#8220; gutter_size=&#8220;3&#8243; overlay_alpha=&#8220;50&#8243; shift_x=&#8220;0&#8243; shift_y=&#8220;0&#8243; shift_y_down=&#8220;0&#8243; z_index=&#8220;0&#8243; medium_width=&#8220;0&#8243; mobile_width=&#8220;0&#8243; width=&#8220;2\/3&#8243; uncode_shortcode_id=&#8220;105992&#8243;][vc_custom_heading heading_semantic=&#8220;h1&#8243; text_size=&#8220;h1&#8243; uncode_shortcode_id=&#8220;767162&#8243;]Unser Unternehmen[\/vc_custom_heading][vc_column_text uncode_shortcode_id=&#8220;183529&#8243;]<span data-contrast=\"auto\">Delta Optical Thin Film A\/S ist ein privater Hersteller von hochentwickelten optischen D\u00fcnnschichtkomponenten. Wir konzentrieren uns ganz auf die Entwicklung und Herstellung kundenspezifischer Teile f\u00fcr unsere weltweiten OEM-Kunden. Als einer der Pioniere in der Branche der optischen D\u00fcnnfilmbeschichtung nutzen wir unser umfangreiches Wissen, um mit unseren Kunden zusammenzuarbeiten und die richtige L\u00f6sung f\u00fcr ihre Serienanwendungen zum richtigen Preis zu finden.<\/span><\/p>\n<p><span data-contrast=\"auto\">Delta Optical Thin Film A\/S befindet sich eine halbe Stunde n\u00f6rdlich von Kopenhagen, der Hauptstadt D\u00e4nemarks, wo die wohl gl\u00fccklichsten Menschen der Welt leben. Genie\u00dfen Sie die skandinavische Art zu arbeiten und zu leben in D\u00e4nemark, wo das Meer immer in der N\u00e4he ist.<\/span><\/p>\n<p><span data-contrast=\"auto\">Arbeiten Sie in einem inhabergef\u00fchrten Unternehmen mit flachen Hierarchien und offenen T\u00fcren. Wir sch\u00e4tzen Ihren Beitrag und Ihre Ideen, bieten flexible Arbeitszeiten und die M\u00f6glichkeit, Ihren Arbeitsalltag in Freiheit und Verantwortung selbst zu gestalten.<\/span>[\/vc_column_text][\/vc_column][vc_column width=&#8220;1\/3&#8243;][\/vc_column][\/vc_row][vc_row row_height_percent=&#8220;0&#8243; override_padding=&#8220;yes&#8220; h_padding=&#8220;2&#8243; top_padding=&#8220;2&#8243; bottom_padding=&#8220;3&#8243; back_color=&#8220;color-434072&#8243; overlay_alpha=&#8220;50&#8243; gutter_size=&#8220;3&#8243; column_width_percent=&#8220;100&#8243; shift_y=&#8220;0&#8243; z_index=&#8220;0&#8243; uncode_shortcode_id=&#8220;816785&#8243; back_color_type=&#8220;uncode-palette&#8220;][vc_column width=&#8220;1\/1&#8243;][vc_row_inner row_inner_height_percent=&#8220;0&#8243; overlay_alpha=&#8220;50&#8243; equal_height=&#8220;yes&#8220; gutter_size=&#8220;3&#8243; shift_y=&#8220;0&#8243; z_index=&#8220;0&#8243; uncode_shortcode_id=&#8220;112915&#8243; limit_content=&#8220;&#8220;][vc_column_inner column_width_percent=&#8220;90&#8243; gutter_size=&#8220;2&#8243; override_padding=&#8220;yes&#8220; column_padding=&#8220;2&#8243; back_color=&#8220;color-xsdn&#8220; overlay_alpha=&#8220;50&#8243; shift_x=&#8220;0&#8243; shift_y=&#8220;0&#8243; shift_y_down=&#8220;0&#8243; z_index=&#8220;0&#8243; medium_width=&#8220;0&#8243; mobile_width=&#8220;0&#8243; width=&#8220;1\/3&#8243; uncode_shortcode_id=&#8220;846760&#8243; back_color_type=&#8220;uncode-palette&#8220;][vc_custom_heading heading_semantic=&#8220;h3&#8243; text_size=&#8220;h3&#8243; text_weight=&#8220;700&#8243; uncode_shortcode_id=&#8220;196561&#8243;]<a href=\"https:\/\/deltaopticalthinfilm.com\/de\/about-us\/our-history\/\">Unsere Geschichte<\/a>[\/vc_custom_heading][vc_single_image media=&#8220;105445&#8243; media_width_percent=&#8220;100&#8243; uncode_shortcode_id=&#8220;184757&#8243; media_link=&#8220;url:https%3A%2F%2Fdeltaopticalthinfilm.com%2Fde%2Fabout-us%2Four-history%2F|title:Our%20history&#8220;][\/vc_column_inner][vc_column_inner column_width_percent=&#8220;100&#8243; gutter_size=&#8220;3&#8243; back_color=&#8220;color-xsdn&#8220; overlay_alpha=&#8220;50&#8243; shift_x=&#8220;0&#8243; shift_y=&#8220;0&#8243; shift_y_down=&#8220;0&#8243; z_index=&#8220;0&#8243; medium_width=&#8220;0&#8243; mobile_width=&#8220;0&#8243; width=&#8220;1\/3&#8243; uncode_shortcode_id=&#8220;196730&#8243; back_color_type=&#8220;uncode-palette&#8220;][vc_custom_heading heading_semantic=&#8220;h3&#8243; text_size=&#8220;h3&#8243; text_weight=&#8220;700&#8243; uncode_shortcode_id=&#8220;173138&#8243;]<a href=\"https:\/\/deltaopticalthinfilm.com\/de\/about-us\/key-employees\/\">Unser Team<\/a>[\/vc_custom_heading][vc_single_image media=&#8220;105782&#8243; media_width_percent=&#8220;100&#8243; uncode_shortcode_id=&#8220;262880&#8243; media_link=&#8220;url:https%3A%2F%2Fdeltaopticalthinfilm.com%2Fde%2Fabout-us%2Fkey-employees%2F|title:Key%20Employees&#8220;][\/vc_column_inner][vc_column_inner column_width_percent=&#8220;100&#8243; gutter_size=&#8220;3&#8243; back_color=&#8220;color-xsdn&#8220; overlay_alpha=&#8220;50&#8243; shift_x=&#8220;0&#8243; shift_y=&#8220;0&#8243; shift_y_down=&#8220;0&#8243; z_index=&#8220;0&#8243; medium_width=&#8220;0&#8243; mobile_width=&#8220;0&#8243; width=&#8220;1\/3&#8243; uncode_shortcode_id=&#8220;316520&#8243; back_color_type=&#8220;uncode-palette&#8220;][vc_custom_heading heading_semantic=&#8220;h3&#8243; text_size=&#8220;h3&#8243; text_weight=&#8220;700&#8243; uncode_shortcode_id=&#8220;109256&#8243;]<a href=\"https:\/\/deltaopticalthinfilm.com\/de\/about-us\/job-offers\/\">Stellenausschreibungen<\/a>[\/vc_custom_heading][vc_single_image media=&#8220;104677&#8243; media_width_percent=&#8220;100&#8243; uncode_shortcode_id=&#8220;557467&#8243; media_link=&#8220;url:https%3A%2F%2Fdeltaopticalthinfilm.com%2Fde%2Fabout-us%2Fjob-offers%2F|title:Job%20offers&#8220;][\/vc_column_inner][\/vc_row_inner][\/vc_column][\/vc_row][vc_row row_height_percent=&#8220;0&#8243; override_padding=&#8220;yes&#8220; h_padding=&#8220;2&#8243; top_padding=&#8220;3&#8243; bottom_padding=&#8220;3&#8243; back_color=&#8220;color-134985&#8243; overlay_alpha=&#8220;90&#8243; gutter_size=&#8220;3&#8243; column_width_percent=&#8220;100&#8243; shift_y=&#8220;0&#8243; z_index=&#8220;0&#8243; uncode_shortcode_id=&#8220;147206&#8243; back_color_type=&#8220;uncode-palette&#8220;][vc_column column_width_percent=&#8220;100&#8243; position_horizontal=&#8220;left&#8220; gutter_size=&#8220;3&#8243; overlay_alpha=&#8220;50&#8243; shift_x=&#8220;0&#8243; shift_y=&#8220;0&#8243; shift_y_down=&#8220;0&#8243; z_index=&#8220;0&#8243; medium_width=&#8220;0&#8243; mobile_width=&#8220;0&#8243; width=&#8220;1\/1&#8243; uncode_shortcode_id=&#8220;374547&#8243;][vc_row_inner limit_content=&#8220;&#8220;][vc_column_inner width=&#8220;1\/2&#8243;][\/vc_column_inner][vc_column_inner column_width_use_pixel=&#8220;yes&#8220; gutter_size=&#8220;3&#8243; overlay_alpha=&#8220;50&#8243; shift_x=&#8220;0&#8243; shift_y=&#8220;0&#8243; shift_y_down=&#8220;0&#8243; z_index=&#8220;0&#8243; medium_width=&#8220;0&#8243; mobile_width=&#8220;0&#8243; width=&#8220;1\/2&#8243; uncode_shortcode_id=&#8220;654586&#8243; column_width_pixel=&#8220;600&#8243;][vc_custom_heading heading_semantic=&#8220;h3&#8243; text_size=&#8220;fontsize-325933&#8243; text_weight=&#8220;700&#8243; text_height=&#8220;fontheight-137524&#8243; uncode_shortcode_id=&#8220;146300&#8243;]Wir engagieren uns f\u00fcr Anwendungen, die zur Bek\u00e4mpfung von Krankheiten, zur Entwicklung neuer Heilmittel, zur Sicherung der Lebensmittelversorgung und -qualit\u00e4t sowie zur Verbesserung der Lebensqualit\u00e4t und des Lebensstandards beitragen.[\/vc_custom_heading][\/vc_column_inner][\/vc_row_inner][\/vc_column][\/vc_row][vc_row unlock_row_content=&#8220;yes&#8220; row_height_percent=&#8220;0&#8243; overlay_alpha=&#8220;50&#8243; gutter_size=&#8220;3&#8243; column_width_percent=&#8220;100&#8243; shift_y=&#8220;0&#8243; z_index=&#8220;0&#8243; uncode_shortcode_id=&#8220;140111&#8243;][vc_column width=&#8220;1\/1&#8243;][uncode_block id=&#8220;364&#8243;][\/vc_column][\/vc_row]<\/p>\n<\/div>","protected":false},"excerpt":{"rendered":"<p>[vc_row row_height_percent=&#8220;50&#8243; override_padding=&#8220;yes&#8220; h_padding=&#8220;2&#8243; top_padding=&#8220;3&#8243; bottom_padding=&#8220;3&#8243; back_image=&#8220;105709&#8243; kburns=&#8220;yes&#8220; overlay_alpha=&#8220;50&#8243; gutter_size=&#8220;3&#8243; column_width_percent=&#8220;100&#8243; shift_y=&#8220;0&#8243; z_index=&#8220;0&#8243; uncode_shortcode_id=&#8220;109609&#8243;][vc_column column_width_percent=&#8220;100&#8243; position_vertical=&#8220;bottom&#8220; gutter_size=&#8220;0&#8243; overlay_alpha=&#8220;50&#8243; shift_x=&#8220;0&#8243; shift_y=&#8220;0&#8243; [&hellip;]<\/p>\n","protected":false},"author":2,"featured_media":0,"parent":0,"menu_order":0,"comment_status":"closed","ping_status":"closed","template":"","meta":{"_acf_changed":false,"footnotes":""},"class_list":["post-108109","page","type-page","status-publish","hentry"],"acf":[],"yoast_head":"<!-- This site is optimized with the Yoast SEO plugin v27.5 - https:\/\/yoast.com\/product\/yoast-seo-wordpress\/ -->\n<title>\u00dcber uns - Delta Optical Thin Film<\/title>\n<meta name=\"robots\" content=\"index, follow, max-snippet:-1, max-image-preview:large, max-video-preview:-1\" \/>\n<link rel=\"canonical\" href=\"https:\/\/deltaopticalthinfilm.com\/de\/ueber-uns\/\" \/>\n<meta property=\"og:locale\" content=\"de_DE\" \/>\n<meta property=\"og:type\" content=\"article\" \/>\n<meta property=\"og:title\" content=\"\u00dcber uns - Delta Optical Thin Film\" \/>\n<meta property=\"og:description\" content=\"[vc_row row_height_percent=&#8220;50&#8243; override_padding=&#8220;yes&#8220; h_padding=&#8220;2&#8243; top_padding=&#8220;3&#8243; bottom_padding=&#8220;3&#8243; back_image=&#8220;105709&#8243; kburns=&#8220;yes&#8220; overlay_alpha=&#8220;50&#8243; gutter_size=&#8220;3&#8243; column_width_percent=&#8220;100&#8243; shift_y=&#8220;0&#8243; z_index=&#8220;0&#8243; uncode_shortcode_id=&#8220;109609&#8243;][vc_column column_width_percent=&#8220;100&#8243; position_vertical=&#8220;bottom&#8220; gutter_size=&#8220;0&#8243; overlay_alpha=&#8220;50&#8243; shift_x=&#8220;0&#8243; shift_y=&#8220;0&#8243; [&hellip;]\" \/>\n<meta property=\"og:url\" content=\"https:\/\/deltaopticalthinfilm.com\/de\/ueber-uns\/\" \/>\n<meta property=\"og:site_name\" content=\"Delta Optical Thin Film\" \/>\n<meta property=\"article:modified_time\" content=\"2024-10-31T14:28:01+00:00\" \/>\n<meta name=\"twitter:card\" content=\"summary_large_image\" \/>\n<meta name=\"twitter:label1\" content=\"Gesch\u00e4tzte Lesezeit\" \/>\n\t<meta name=\"twitter:data1\" content=\"2\u00a0Minuten\" \/>\n<script type=\"application\/ld+json\" class=\"yoast-schema-graph\">{\"@context\":\"https:\\\/\\\/schema.org\",\"@graph\":[{\"@type\":\"WebPage\",\"@id\":\"https:\\\/\\\/deltaopticalthinfilm.com\\\/de\\\/ueber-uns\\\/\",\"url\":\"https:\\\/\\\/deltaopticalthinfilm.com\\\/de\\\/ueber-uns\\\/\",\"name\":\"\u00dcber uns - Delta Optical Thin Film\",\"isPartOf\":{\"@id\":\"https:\\\/\\\/deltaopticalthinfilm.com\\\/de\\\/#website\"},\"datePublished\":\"2022-02-10T09:02:44+00:00\",\"dateModified\":\"2024-10-31T14:28:01+00:00\",\"breadcrumb\":{\"@id\":\"https:\\\/\\\/deltaopticalthinfilm.com\\\/de\\\/ueber-uns\\\/#breadcrumb\"},\"inLanguage\":\"de\",\"potentialAction\":[{\"@type\":\"ReadAction\",\"target\":[\"https:\\\/\\\/deltaopticalthinfilm.com\\\/de\\\/ueber-uns\\\/\"]}]},{\"@type\":\"BreadcrumbList\",\"@id\":\"https:\\\/\\\/deltaopticalthinfilm.com\\\/de\\\/ueber-uns\\\/#breadcrumb\",\"itemListElement\":[{\"@type\":\"ListItem\",\"position\":1,\"name\":\"Hjem\",\"item\":\"https:\\\/\\\/deltaopticalthinfilm.com\\\/de\\\/home-new\\\/\"},{\"@type\":\"ListItem\",\"position\":2,\"name\":\"\u00dcber uns\"}]},{\"@type\":\"WebSite\",\"@id\":\"https:\\\/\\\/deltaopticalthinfilm.com\\\/de\\\/#website\",\"url\":\"https:\\\/\\\/deltaopticalthinfilm.com\\\/de\\\/\",\"name\":\"Delta Optical Thin Film\",\"description\":\"We are the Optical Filter company\",\"potentialAction\":[{\"@type\":\"SearchAction\",\"target\":{\"@type\":\"EntryPoint\",\"urlTemplate\":\"https:\\\/\\\/deltaopticalthinfilm.com\\\/de\\\/?s={search_term_string}\"},\"query-input\":{\"@type\":\"PropertyValueSpecification\",\"valueRequired\":true,\"valueName\":\"search_term_string\"}}],\"inLanguage\":\"de\"}]}<\/script>\n<!-- \/ Yoast SEO plugin. -->","yoast_head_json":{"title":"\u00dcber uns - Delta Optical Thin Film","robots":{"index":"index","follow":"follow","max-snippet":"max-snippet:-1","max-image-preview":"max-image-preview:large","max-video-preview":"max-video-preview:-1"},"canonical":"https:\/\/deltaopticalthinfilm.com\/de\/ueber-uns\/","og_locale":"de_DE","og_type":"article","og_title":"\u00dcber uns - Delta Optical Thin Film","og_description":"[vc_row row_height_percent=&#8220;50&#8243; override_padding=&#8220;yes&#8220; h_padding=&#8220;2&#8243; top_padding=&#8220;3&#8243; bottom_padding=&#8220;3&#8243; back_image=&#8220;105709&#8243; kburns=&#8220;yes&#8220; overlay_alpha=&#8220;50&#8243; gutter_size=&#8220;3&#8243; column_width_percent=&#8220;100&#8243; shift_y=&#8220;0&#8243; z_index=&#8220;0&#8243; uncode_shortcode_id=&#8220;109609&#8243;][vc_column column_width_percent=&#8220;100&#8243; position_vertical=&#8220;bottom&#8220; gutter_size=&#8220;0&#8243; overlay_alpha=&#8220;50&#8243; shift_x=&#8220;0&#8243; shift_y=&#8220;0&#8243; [&hellip;]","og_url":"https:\/\/deltaopticalthinfilm.com\/de\/ueber-uns\/","og_site_name":"Delta Optical Thin Film","article_modified_time":"2024-10-31T14:28:01+00:00","twitter_card":"summary_large_image","twitter_misc":{"Gesch\u00e4tzte Lesezeit":"2\u00a0Minuten"},"schema":{"@context":"https:\/\/schema.org","@graph":[{"@type":"WebPage","@id":"https:\/\/deltaopticalthinfilm.com\/de\/ueber-uns\/","url":"https:\/\/deltaopticalthinfilm.com\/de\/ueber-uns\/","name":"\u00dcber uns - Delta Optical Thin Film","isPartOf":{"@id":"https:\/\/deltaopticalthinfilm.com\/de\/#website"},"datePublished":"2022-02-10T09:02:44+00:00","dateModified":"2024-10-31T14:28:01+00:00","breadcrumb":{"@id":"https:\/\/deltaopticalthinfilm.com\/de\/ueber-uns\/#breadcrumb"},"inLanguage":"de","potentialAction":[{"@type":"ReadAction","target":["https:\/\/deltaopticalthinfilm.com\/de\/ueber-uns\/"]}]},{"@type":"BreadcrumbList","@id":"https:\/\/deltaopticalthinfilm.com\/de\/ueber-uns\/#breadcrumb","itemListElement":[{"@type":"ListItem","position":1,"name":"Hjem","item":"https:\/\/deltaopticalthinfilm.com\/de\/home-new\/"},{"@type":"ListItem","position":2,"name":"\u00dcber uns"}]},{"@type":"WebSite","@id":"https:\/\/deltaopticalthinfilm.com\/de\/#website","url":"https:\/\/deltaopticalthinfilm.com\/de\/","name":"Delta Optical Thin Film","description":"We are the Optical Filter company","potentialAction":[{"@type":"SearchAction","target":{"@type":"EntryPoint","urlTemplate":"https:\/\/deltaopticalthinfilm.com\/de\/?s={search_term_string}"},"query-input":{"@type":"PropertyValueSpecification","valueRequired":true,"valueName":"search_term_string"}}],"inLanguage":"de"}]}},"_links":{"self":[{"href":"https:\/\/deltaopticalthinfilm.com\/de\/wp-json\/wp\/v2\/pages\/108109","targetHints":{"allow":["GET"]}}],"collection":[{"href":"https:\/\/deltaopticalthinfilm.com\/de\/wp-json\/wp\/v2\/pages"}],"about":[{"href":"https:\/\/deltaopticalthinfilm.com\/de\/wp-json\/wp\/v2\/types\/page"}],"author":[{"embeddable":true,"href":"https:\/\/deltaopticalthinfilm.com\/de\/wp-json\/wp\/v2\/users\/2"}],"replies":[{"embeddable":true,"href":"https:\/\/deltaopticalthinfilm.com\/de\/wp-json\/wp\/v2\/comments?post=108109"}],"version-history":[{"count":5,"href":"https:\/\/deltaopticalthinfilm.com\/de\/wp-json\/wp\/v2\/pages\/108109\/revisions"}],"predecessor-version":[{"id":108402,"href":"https:\/\/deltaopticalthinfilm.com\/de\/wp-json\/wp\/v2\/pages\/108109\/revisions\/108402"}],"wp:attachment":[{"href":"https:\/\/deltaopticalthinfilm.com\/de\/wp-json\/wp\/v2\/media?parent=108109"}],"curies":[{"name":"wp","href":"https:\/\/api.w.org\/{rel}","templated":true}]}}